{"id":1111,"date":"2025-08-31T15:15:43","date_gmt":"2025-08-31T13:15:43","guid":{"rendered":"https:\/\/www.ubytkovstiavnici.sk\/?page_id=1111"},"modified":"2026-01-27T15:10:55","modified_gmt":"2026-01-27T14:10:55","slug":"home_sk","status":"publish","type":"page","link":"https:\/\/www.ubytkovstiavnici.sk\/?page_id=1111","title":{"rendered":"HOME_SK"},"content":{"rendered":"\n<!-- Tla\u010didlo MENU vpravo hore -->\n<button id=\"menuBtn\" style=\"\n    position:fixed;\n    top:15px;\n    right:15px;\n    z-index:10001;\n    padding:10px 15px;\n    font-size:35px;\n    background-color:#87A79D;\n    color:white;\n    border:none;\n    border-radius:5px;\n    cursor:pointer;\n\">\n  \u2630\n<\/button>\n\n<!-- Bo\u010dn\u00e9 menu -->\n<div id=\"sideMenu\" style=\"\n    position:fixed;\n    top:10;\n    right:-250px; \/* na za\u010diatku skryt\u00e9 *\/\n    width:250px;\n    height:100%;\n    background-color:#87A79D;\n    color:white;\n    padding-top:60px;\n    transition: right 0.5s ease;\n    z-index:10000;\n\">\n  <a href=\"https:\/\/www.ubytkovstiavnici.sk\/?page_id=1111\" style=\"display:block; padding:12px; color:white; text-decoration:none; font-size:18px;\">Domov<\/a>  \n<a href=\"https:\/\/www.ubytkovstiavnici.sk\/?page_id=1191\" style=\"display:block; padding:12px; color:white; text-decoration:none; font-size:18px;\">O n\u00e1s<\/a>\n  <a href=\"https:\/\/www.ubytkovstiavnici.sk\/?page_id=1174\" style=\"display:block; padding:12px; color:white; text-decoration:none; font-size:18px;\">Apartm\u00e1nik<\/a>\n  <a href=\"https:\/\/www.ubytkovstiavnici.sk\/?page_id=1185\" style=\"display:block; padding:12px; color:white; text-decoration:none; font-size:18px;\">Gallery Apartm\u00e1n 1<\/a>\n  <a href=\"https:\/\/www.ubytkovstiavnici.sk\/?page_id=1187\" style=\"display:block; padding:12px; color:white; text-decoration:none; font-size:18px;\">Gallery Apartm\u00e1n 2<\/a>\n  <a href=\"https:\/\/www.ubytkovstiavnici.sk\/?page_id=1189\" style=\"display:block; padding:12px; color:white; text-decoration:none; font-size:18px;\">Gallery Residence<\/a>\n  <a href=\"https:\/\/www.ubytkovstiavnici.sk\/?page_id=1279\" style=\"display:block; padding:12px; color:white; text-decoration:none; font-size:18px;\">U\u017eito\u010dn\u00e9 inform\u00e1cie<\/a>\n  <a href=\"https:\/\/www.ubytkovstiavnici.sk\/?page_id=768\" style=\"display:block; padding:12px; color:white; text-decoration:none; font-size:18px;\">Na\u0161e ceny<\/a>\n  <a href=\"https:\/\/www.ubytkovstiavnici.sk\/?page_id=1397\" style=\"display:block; padding:12px; color:white; text-decoration:none; font-size:18px;\">Kontakty<\/a>\n <a href=\"https:\/\/www.ubytkovstiavnici.sk\/?page_id=1283\" style=\"display:block; padding:12px; color:white; text-decoration:none; font-size:18px;\">English<\/a>\n<\/div>\n\n<script>\n  const btn = document.getElementById('menuBtn');\n  const menu = document.getElementById('sideMenu');\n\n  \/\/ Toggle menu when clicking on the menu button\n  btn.addEventListener('click', function(event) {\n    event.stopPropagation(); \/\/ Prevent closing the menu when clicking the button\n    toggleMenu();\n  });\n\n  \/\/ Close menu when clicking outside of it\n  document.addEventListener('click', function(event) {\n    if (menu.style.right === '0px' && !menu.contains(event.target)) {\n      menu.style.right = '-250px'; \/\/ Close menu\n    }\n  });\n\n  function toggleMenu() {\n    if (menu.style.right === '0px') {\n      menu.style.right = '-250px'; \/\/ Close menu\n    } else {\n      menu.style.right = '0px'; \/\/ Open menu\n    }\n  }\n<\/script>\n\n\n\n<div id=\"fixed-floating-logo-wrapper\">\n  <a href=\"https:\/\/www.ubytkovstiavnici.sk\/?page_id=1283\" rel=\"noopener noreferrer\">\n    <img decoding=\"async\" class=\"fixed-floating-logo\" src=\"https:\/\/www.ubytkovstiavnici.sk\/wp-content\/uploads\/2025\/12\/UK-BIela-1.png\" alt=\"Logo\">\n  <\/a>\n<\/div>\n\n\n<div class=\"is-default-size aligncenter wp-block-site-logo\"><a href=\"https:\/\/www.ubytkovstiavnici.sk\/\" class=\"custom-logo-link\" rel=\"home\"><img loading=\"lazy\" width=\"733\" height=\"622\" src=\"https:\/\/www.ubytkovstiavnici.sk\/wp-content\/uploads\/2023\/05\/logo2.png\" class=\"custom-logo\" alt=\"Ubytko v \u0160tiavnici\" decoding=\"async\" srcset=\"https:\/\/www.ubytkovstiavnici.sk\/wp-content\/uploads\/2023\/05\/logo2.png 733w, https:\/\/www.ubytkovstiavnici.sk\/wp-content\/uploads\/2023\/05\/logo2-300x255.png 300w\" sizes=\"(max-width: 733px) 100vw, 733px\" \/><\/a><\/div>\n\n\n<h2 class=\"wp-block-heading has-text-align-center\" style=\"font-style:normal;font-weight:600\">Ubytko v \u0160tiavnici<\/h2>\n\n\n\n<div class=\"wp-block-group alignfull has-background is-layout-constrained\" style=\"background-color:#87a79d\"><div class=\"wp-block-group__inner-container\">\n<div class=\"wp-block-cover alignfull is-light\" style=\"min-height:249px\"><span aria-hidden=\"true\" class=\"wp-block-cover__background has-background-dim-20 has-background-dim\"><\/span><img decoding=\"async\" loading=\"lazy\" width=\"2000\" height=\"1333\" class=\"wp-block-cover__image-background wp-image-244\" alt=\"\" src=\"https:\/\/jurajpauk.files.wordpress.com\/2023\/05\/pwhaas_pwh_0626.jpg\" style=\"object-position:53% 70%\" data-object-fit=\"cover\" data-object-position=\"53% 70%\" srcset=\"https:\/\/www.ubytkovstiavnici.sk\/wp-content\/uploads\/2023\/05\/pwhaas_pwh_0626.jpg 2000w, https:\/\/www.ubytkovstiavnici.sk\/wp-content\/uploads\/2023\/05\/pwhaas_pwh_0626-300x200.jpg 300w, https:\/\/www.ubytkovstiavnici.sk\/wp-content\/uploads\/2023\/05\/pwhaas_pwh_0626-1024x682.jpg 1024w, https:\/\/www.ubytkovstiavnici.sk\/wp-content\/uploads\/2023\/05\/pwhaas_pwh_0626-768x512.jpg 768w, https:\/\/www.ubytkovstiavnici.sk\/wp-content\/uploads\/2023\/05\/pwhaas_pwh_0626-1536x1024.jpg 1536w\" sizes=\"(max-width: 2000px) 100vw, 2000px\" \/><div class=\"wp-block-cover__inner-container\">\n<div class=\"wp-block-buttons has-custom-font-size has-medium-font-size is-content-justification-center is-layout-flex wp-container-1\" style=\"margin-top:var(--wp--preset--spacing--30);margin-bottom:var(--wp--preset--spacing--30)\">\n<div class=\"wp-block-button has-custom-font-size is-style-outline has-medium-font-size\"><a class=\"wp-block-button__link has-text-color has-text-align-center wp-element-button\" href=\"https:\/\/www.ubytkovstiavnici.sk\/?page_id=1174\" style=\"border-radius:72px;color:#fefefe\">       Apartm\u00e1nik     <\/a><\/div>\n<\/div>\n\n\n\n<div class=\"wp-block-buttons has-custom-font-size has-medium-font-size is-content-justification-center is-layout-flex wp-container-2\" style=\"margin-top:var(--wp--preset--spacing--30);margin-bottom:var(--wp--preset--spacing--30)\">\n<div class=\"wp-block-button has-custom-font-size is-style-outline has-medium-font-size\"><a class=\"wp-block-button__link has-white-color has-text-color has-text-align-center wp-element-button\" href=\"https:\/\/www.ubytkovstiavnici.sk\/?page_id=1628\" style=\"border-radius:72px\">Virtu\u00e1lna prehliadka<\/a><\/div>\n<\/div>\n<\/div><\/div>\n\n\n\n<div class=\"wp-block-cover alignfull is-light\" style=\"min-height:249px\"><span aria-hidden=\"true\" class=\"wp-block-cover__background has-background-dim-20 has-background-dim\"><\/span><img decoding=\"async\" loading=\"lazy\" width=\"900\" height=\"1350\" class=\"wp-block-cover__image-background wp-image-964\" alt=\"\" src=\"https:\/\/www.ubytkovstiavnici.sk\/wp-content\/uploads\/2025\/08\/1754333992663.jpg\" data-object-fit=\"cover\" srcset=\"https:\/\/www.ubytkovstiavnici.sk\/wp-content\/uploads\/2025\/08\/1754333992663.jpg 900w, https:\/\/www.ubytkovstiavnici.sk\/wp-content\/uploads\/2025\/08\/1754333992663-200x300.jpg 200w, https:\/\/www.ubytkovstiavnici.sk\/wp-content\/uploads\/2025\/08\/1754333992663-683x1024.jpg 683w, https:\/\/www.ubytkovstiavnici.sk\/wp-content\/uploads\/2025\/08\/1754333992663-768x1152.jpg 768w\" sizes=\"(max-width: 900px) 100vw, 900px\" \/><div class=\"wp-block-cover__inner-container\">\n<div class=\"wp-block-buttons has-custom-font-size has-medium-font-size is-vertical is-content-justification-center is-layout-flex wp-container-3\" style=\"margin-top:var(--wp--preset--spacing--30);margin-bottom:var(--wp--preset--spacing--30)\">\n<div class=\"wp-block-button has-custom-font-size is-style-outline has-medium-font-size\"><a class=\"wp-block-button__link has-text-color has-text-align-center wp-element-button\" href=\"https:\/\/www.ubytkovstiavnici.sk\/?page_id=1185\" style=\"border-radius:72px;color:#fefefe\">Gallery apartm\u00e1n 1<\/a><\/div>\n\n\n\n<div class=\"wp-block-button has-custom-font-size is-style-outline has-medium-font-size\"><a class=\"wp-block-button__link has-text-color has-text-align-center wp-element-button\" href=\"https:\/\/www.ubytkovstiavnici.sk\/?page_id=1622\" style=\"border-radius:72px;color:#fefefe\">Virtu\u00e1lna prehliadka<\/a><\/div>\n<\/div>\n<\/div><\/div>\n\n\n\n<div class=\"wp-block-cover alignfull\" style=\"min-height:249px\"><span aria-hidden=\"true\" class=\"wp-block-cover__background has-background-dim-20 has-background-dim\"><\/span><img decoding=\"async\" loading=\"lazy\" width=\"1600\" height=\"739\" class=\"wp-block-cover__image-background wp-image-967\" alt=\"\" src=\"https:\/\/www.ubytkovstiavnici.sk\/wp-content\/uploads\/2025\/08\/ls3.jpeg\" data-object-fit=\"cover\" srcset=\"https:\/\/www.ubytkovstiavnici.sk\/wp-content\/uploads\/2025\/08\/ls3.jpeg 1600w, https:\/\/www.ubytkovstiavnici.sk\/wp-content\/uploads\/2025\/08\/ls3-300x139.jpeg 300w, https:\/\/www.ubytkovstiavnici.sk\/wp-content\/uploads\/2025\/08\/ls3-1024x473.jpeg 1024w, https:\/\/www.ubytkovstiavnici.sk\/wp-content\/uploads\/2025\/08\/ls3-768x355.jpeg 768w, https:\/\/www.ubytkovstiavnici.sk\/wp-content\/uploads\/2025\/08\/ls3-1536x709.jpeg 1536w, https:\/\/www.ubytkovstiavnici.sk\/wp-content\/uploads\/2025\/08\/ls3-1568x724.jpeg 1568w\" sizes=\"(max-width: 1600px) 100vw, 1600px\" \/><div class=\"wp-block-cover__inner-container\">\n<div class=\"wp-block-buttons has-custom-font-size has-medium-font-size is-vertical is-content-justification-center is-layout-flex wp-container-4\" style=\"margin-top:var(--wp--preset--spacing--30);margin-bottom:var(--wp--preset--spacing--30)\">\n<div class=\"wp-block-button has-custom-font-size is-style-outline has-medium-font-size\"><a class=\"wp-block-button__link has-text-color has-text-align-center wp-element-button\" href=\"https:\/\/www.ubytkovstiavnici.sk\/?page_id=1187\" style=\"border-radius:72px;color:#fefefe\">Gallery apartm\u00e1n 2<\/a><\/div>\n\n\n\n<div class=\"wp-block-button has-custom-font-size is-style-outline has-medium-font-size\"><a class=\"wp-block-button__link has-text-color has-text-align-center wp-element-button\" href=\"https:\/\/www.ubytkovstiavnici.sk\/?page_id=1625\" style=\"border-radius:72px;color:#fefefe\">Virtu\u00e1lna prehliadka<\/a><\/div>\n<\/div>\n<\/div><\/div>\n<\/div><\/div>\n\n\n\n<div class=\"wp-block-cover alignfull is-light\" style=\"min-height:249px\"><span aria-hidden=\"true\" class=\"wp-block-cover__background has-background-dim-20 has-background-dim\"><\/span><img decoding=\"async\" loading=\"lazy\" width=\"1576\" height=\"2364\" class=\"wp-block-cover__image-background wp-image-1089\" alt=\"\" src=\"https:\/\/www.ubytkovstiavnici.sk\/wp-content\/uploads\/2025\/08\/1754333398221-1.jpg\" data-object-fit=\"cover\" srcset=\"https:\/\/www.ubytkovstiavnici.sk\/wp-content\/uploads\/2025\/08\/1754333398221-1.jpg 1576w, https:\/\/www.ubytkovstiavnici.sk\/wp-content\/uploads\/2025\/08\/1754333398221-1-200x300.jpg 200w, https:\/\/www.ubytkovstiavnici.sk\/wp-content\/uploads\/2025\/08\/1754333398221-1-683x1024.jpg 683w, https:\/\/www.ubytkovstiavnici.sk\/wp-content\/uploads\/2025\/08\/1754333398221-1-768x1152.jpg 768w, https:\/\/www.ubytkovstiavnici.sk\/wp-content\/uploads\/2025\/08\/1754333398221-1-1024x1536.jpg 1024w, https:\/\/www.ubytkovstiavnici.sk\/wp-content\/uploads\/2025\/08\/1754333398221-1-1365x2048.jpg 1365w, https:\/\/www.ubytkovstiavnici.sk\/wp-content\/uploads\/2025\/08\/1754333398221-1-1568x2352.jpg 1568w\" sizes=\"(max-width: 1576px) 100vw, 1576px\" \/><div class=\"wp-block-cover__inner-container\">\n<div class=\"wp-block-buttons has-custom-font-size has-medium-font-size is-content-justification-center is-layout-flex wp-container-6\" style=\"margin-top:var(--wp--preset--spacing--30);margin-bottom:var(--wp--preset--spacing--30)\">\n<div class=\"wp-block-button has-custom-font-size is-style-outline has-medium-font-size\"><a class=\"wp-block-button__link has-text-color has-text-align-center wp-element-button\" href=\"https:\/\/www.ubytkovstiavnici.sk\/?page_id=1189\" style=\"border-radius:72px;color:#fefefe\"> Gallery residence    <\/a><\/div>\n<\/div>\n\n\n\n<div class=\"wp-block-buttons has-custom-font-size has-medium-font-size is-content-justification-center is-layout-flex wp-container-7\" style=\"margin-top:var(--wp--preset--spacing--30);margin-bottom:var(--wp--preset--spacing--30)\">\n<div class=\"wp-block-button has-custom-font-size is-style-outline has-medium-font-size\"><a class=\"wp-block-button__link has-white-color has-text-color has-text-align-center wp-element-button\" href=\"https:\/\/www.ubytkovstiavnici.sk\/?page_id=1612\" style=\"border-radius:72px\">Virtu\u00e1lna prehliadka z v\u00fd\u0161ky<\/a><\/div>\n<\/div>\n\n\n\n<p class=\"has-text-align-center has-huge-font-size\"><strong>Rezervujte si cel\u00fd dom<\/strong>!<\/p>\n<\/div><\/div>\n","protected":false},"excerpt":{"rendered":"<p>\u2630 Domov O n\u00e1s Apartm\u00e1nik Gallery Apartm\u00e1n 1 Gallery Apartm\u00e1n 2 Gallery Residence U\u017eito\u010dn\u00e9 inform\u00e1cie Na\u0161e ceny Kontakty English Ubytko v \u0160tiavnici<\/p>\n","protected":false},"author":1,"featured_media":0,"parent":0,"menu_order":0,"comment_status":"closed","ping_status":"closed","template":"","meta":{"_monsterinsights_skip_tracking":false,"_monsterinsights_sitenote_active":false,"_monsterinsights_sitenote_note":"","_monsterinsights_sitenote_category":0},"_links":{"self":[{"href":"https:\/\/www.ubytkovstiavnici.sk\/index.php?rest_route=\/wp\/v2\/pages\/1111"}],"collection":[{"href":"https:\/\/www.ubytkovstiavnici.sk\/index.php?rest_route=\/wp\/v2\/pages"}],"about":[{"href":"https:\/\/www.ubytkovstiavnici.sk\/index.php?rest_route=\/wp\/v2\/types\/page"}],"author":[{"embeddable":true,"href":"https:\/\/www.ubytkovstiavnici.sk\/index.php?rest_route=\/wp\/v2\/users\/1"}],"replies":[{"embeddable":true,"href":"https:\/\/www.ubytkovstiavnici.sk\/index.php?rest_route=%2Fwp%2Fv2%2Fcomments&post=1111"}],"version-history":[{"count":5,"href":"https:\/\/www.ubytkovstiavnici.sk\/index.php?rest_route=\/wp\/v2\/pages\/1111\/revisions"}],"predecessor-version":[{"id":1638,"href":"https:\/\/www.ubytkovstiavnici.sk\/index.php?rest_route=\/wp\/v2\/pages\/1111\/revisions\/1638"}],"wp:attachment":[{"href":"https:\/\/www.ubytkovstiavnici.sk\/index.php?rest_route=%2Fwp%2Fv2%2Fmedia&parent=1111"}],"curies":[{"name":"wp","href":"https:\/\/api.w.org\/{rel}","templated":true}]}}