{"id":1191,"date":"2025-12-08T09:59:01","date_gmt":"2025-12-08T08:59:01","guid":{"rendered":"https:\/\/www.ubytkovstiavnici.sk\/?page_id=1191"},"modified":"2025-12-15T17:32:54","modified_gmt":"2025-12-15T16:32:54","slug":"o-nas_sk","status":"publish","type":"page","link":"https:\/\/www.ubytkovstiavnici.sk\/?page_id=1191","title":{"rendered":"O n\u00e1s_SK"},"content":{"rendered":"\n<!-- Tla\u010didlo MENU vpravo hore -->\n<button id=\"menuBtn\" style=\"\n    position:fixed;\n    top:15px;\n    right:15px;\n    z-index:10001;\n    padding:10px 15px;\n    font-size:35px;\n    background-color:#87A79D;\n    color:white;\n    border:none;\n    border-radius:5px;\n    cursor:pointer;\n\">\n  \u2630\n<\/button>\n\n<!-- Bo\u010dn\u00e9 menu -->\n<div id=\"sideMenu\" style=\"\n    position:fixed;\n    top:10;\n    right:-250px; \/* na za\u010diatku skryt\u00e9 *\/\n    width:250px;\n    height:100%;\n    background-color:#87A79D;\n    color:white;\n    padding-top:60px;\n    transition: right 0.5s ease;\n    z-index:10000;\n\">\n  <a href=\"https:\/\/www.ubytkovstiavnici.sk\/?page_id=1111\" style=\"display:block; padding:12px; color:white; text-decoration:none; font-size:18px;\">Domov<\/a>  \n<a href=\"https:\/\/www.ubytkovstiavnici.sk\/?page_id=1191\" style=\"display:block; padding:12px; color:white; text-decoration:none; font-size:18px;\">O n\u00e1s<\/a>\n  <a href=\"https:\/\/www.ubytkovstiavnici.sk\/?page_id=1174\" style=\"display:block; padding:12px; color:white; text-decoration:none; font-size:18px;\">Apartm\u00e1nik<\/a>\n  <a href=\"https:\/\/www.ubytkovstiavnici.sk\/?page_id=1185\" style=\"display:block; padding:12px; color:white; text-decoration:none; font-size:18px;\">Gallery Apartm\u00e1n 1<\/a>\n  <a href=\"https:\/\/www.ubytkovstiavnici.sk\/?page_id=1187\" style=\"display:block; padding:12px; color:white; text-decoration:none; font-size:18px;\">Gallery Apartm\u00e1n 2<\/a>\n  <a href=\"https:\/\/www.ubytkovstiavnici.sk\/?page_id=1189\" style=\"display:block; padding:12px; color:white; text-decoration:none; font-size:18px;\">Gallery Residence<\/a>\n  <a href=\"https:\/\/www.ubytkovstiavnici.sk\/?page_id=1279\" style=\"display:block; padding:12px; color:white; text-decoration:none; font-size:18px;\">U\u017eito\u010dn\u00e9 inform\u00e1cie<\/a>\n  <a href=\"https:\/\/www.ubytkovstiavnici.sk\/?page_id=768\" style=\"display:block; padding:12px; color:white; text-decoration:none; font-size:18px;\">Na\u0161e ceny<\/a>\n  <a href=\"https:\/\/www.ubytkovstiavnici.sk\/?page_id=1397\" style=\"display:block; padding:12px; color:white; text-decoration:none; font-size:18px;\">Kontakty<\/a>\n <a href=\"https:\/\/www.ubytkovstiavnici.sk\/?page_id=1283\" style=\"display:block; padding:12px; color:white; text-decoration:none; font-size:18px;\">English<\/a>\n<\/div>\n\n<script>\n  const btn = document.getElementById('menuBtn');\n  const menu = document.getElementById('sideMenu');\n\n  \/\/ Toggle menu when clicking on the menu button\n  btn.addEventListener('click', function(event) {\n    event.stopPropagation(); \/\/ Prevent closing the menu when clicking the button\n    toggleMenu();\n  });\n\n  \/\/ Close menu when clicking outside of it\n  document.addEventListener('click', function(event) {\n    if (menu.style.right === '0px' && !menu.contains(event.target)) {\n      menu.style.right = '-250px'; \/\/ Close menu\n    }\n  });\n\n  function toggleMenu() {\n    if (menu.style.right === '0px') {\n      menu.style.right = '-250px'; \/\/ Close menu\n    } else {\n      menu.style.right = '0px'; \/\/ Open menu\n    }\n  }\n<\/script>\n\n\n\n<div id=\"fixed-floating-logo-wrapper\">\n  <a href=\"https:\/\/www.ubytkovstiavnici.sk\/?page_id=1490\" rel=\"noopener noreferrer\">\n    <img decoding=\"async\" class=\"fixed-floating-logo\" src=\"https:\/\/www.ubytkovstiavnici.sk\/wp-content\/uploads\/2025\/12\/UK-BIela-1.png\" alt=\"Logo\">\n  <\/a>\n<\/div>\n\n\n\n<h2 class=\"wp-block-heading alignwide has-text-align-left has-background has-large-font-size\" id=\"O-n\u00e1s\" style=\"background-color:#87a79d;font-style:normal;font-weight:600\"> O n\u00e1s<\/h2>\n\n\n\n<p><strong>Ubytko v \u0160tiavnici \u2013 v\u00e1\u0161 domov na cest\u00e1ch!<\/strong><\/p>\n\n\n\n<p>Sme p\u00e1r nad\u0161encov cestovania, ktor\u00ed sa rozhodli vytvori\u0165 miesto, kde sa budete c\u00edti\u0165 ako doma \u2013 aj ke\u010f ste stovky kilometrov od vlastnej postele. Na\u0161a rodinn\u00e1 iniciat\u00edva vznikla z t\u00fa\u017eby poskytn\u00fa\u0165 super ubytovanie v Banskej \u0160tiavnici s pohodou a pohostinnos\u0165ou, ktor\u00fa by sme sami ocenili na cest\u00e1ch.<\/p>\n\n\n\n<p><strong>Pozv\u00e1nka do neskuto\u010dnej \u0160tiavnice<\/strong><br>Bansk\u00e1 \u0160tiavnica \u2013 mesto, ktor\u00e9 si v\u00e1s z\u00edska u\u017e pri prvej n\u00e1v\u0161teve. Nie s\u00fa to len bary, kaviarne, piv\u00e1rne, pizz\u00e9rie, vin\u00e1rne \u010di cigar bary. Je to mesto zap\u00edsan\u00e9 v zozname UNESCO, kde sa hist\u00f3ria prel\u00edna s umen\u00edm a pr\u00edrodou. Vz\u00e1cna harm\u00f3nia zachovan\u00fdch ban\u00edckych domov, \u00fazkych uli\u010diek a rozpr\u00e1vkov\u00fdch v\u00fdh\u013eadov rob\u00ed z ka\u017ed\u00e9ho kroku z\u00e1\u017eitok.<\/p>\n\n\n\n<p>Je to svet tajchov, \u0161t\u00f4ln\u00ed, hlad\u00edn 26 jazier, Sitna a tich\u00fdch chot\u00e1rov. Cel\u00e1 t\u00e1 dynamika mesta a pr\u00edrody je na dosah \u2013 pe\u0161o alebo na bicykli, nie ako v Tatr\u00e1ch. Len vy a priestor, ktor\u00fd d\u00fdcha slobodou.<\/p>\n\n\n\n<p id=\"Pre\u010do\"><strong>Pre\u010do pr\u00e1ve n\u00e1\u0161 dom?<\/strong><br>K\u00fapili sme 170\u2011ro\u010dn\u00fd historick\u00fd dom a s l\u00e1skou ho citlivo zrekon\u0161truovali tak, aby si zachoval svoje star\u00e9 \u010daro aj tich\u00fd \u0161epot minulosti. Nach\u00e1dza sa priamo v historickom centre \u0160tiavnice, len p\u00e1r min\u00fat pe\u0161o od Troji\u010dn\u00e9ho n\u00e1mestia, no z\u00e1rove\u0148 v pokojnej uli\u010dke, kde v\u00e1s nevyru\u0161\u00ed ruch davov.<\/p>\n\n\n\n<p>Z domu si vychutn\u00e1te jedine\u010dn\u00fd v\u00fdh\u013ead na v\u0161etky hlavn\u00e9 bansko\u0161tiavnick\u00e9 ve\u017ee \u2013 poh\u013ead, ktor\u00fd sa v\u00e1m nav\u017edy vryje do pam\u00e4ti a ktor\u00fd e\u0161te viac pod\u010diarkuje magick\u00fa atmosf\u00e9ru tohto miesta.<\/p>\n\n\n\n<p>Osobit\u00fd charakter dotv\u00e1ra in\u0161tal\u00e1cia origin\u00e1lnych grafick\u00fdch a fotografick\u00fdch diel od slovensk\u00e9ho umeleck\u00e9ho fotografa&nbsp;<strong>Petra W. Haasa<\/strong>&nbsp;\u2013 odborn\u00edka na anal\u00f3gov\u00e9 techniky \u2013 a mladej v\u00fdtvarn\u00ed\u010dky a grafi\u010dky&nbsp;<strong>Niny Haasovej<\/strong>.  N\u00e1\u0161 dom sme aj preto nazvali <strong>Gallery residence<\/strong>. M\u00f4\u017eete si ho objedna\u0165 cel\u00fd, alebo jeden z jeho apartm\u00e1nov.<\/p>\n\n\n\n<p><\/p>\n\n\n\n<p><strong>Gallery residence a Apartm\u00e1nik<\/strong><br>Vitajte v \u0161t\u00fdlovom mezonetovom&nbsp;<strong>Gallery apartm\u00e1ne 1<\/strong>&nbsp;a jeho susedovi&nbsp;<strong>Gallery apartm\u00e1ne 2<\/strong>. Ka\u017ed\u00fd m\u00e1 vlastn\u00fd vstup, dvor a vonkaj\u0161ie sedenie, ide\u00e1lne pre pokojn\u00e9 r\u00e1na s k\u00e1vou, ve\u010dery s v\u00ednom \u010di popoludnia s dobrou knihou. <\/p>\n\n\n\n<p>Autorsk\u00e9 fotografie a grafiky vn\u00e1\u0161aj\u00fa do apartm\u00e1nov du\u0161u, autenticitu a artov\u00fd n\u00e1dych, ktor\u00fd st\u00e1l pri zrode ich n\u00e1zvu \u201eGallery\u201c.<\/p>\n\n\n\n<p>Apartm\u00e1ny je mo\u017en\u00e9 prepoji\u0165 a vytvori\u0165 tak jeden ve\u013ekorys\u00fd priestor a prenaja\u0165 si cel\u00fd dom za zv\u00fdhodnen\u00fa cenu .<\/p>\n\n\n\n<p>Potrebujete e\u0161te viac miesta, alebo h\u013ead\u00e1te nie\u010do men\u0161ie? Vo ved\u013eaj\u0161om dome v\u00e1s \u010dak\u00e1 \u00fatuln\u00fd&nbsp;<strong>Apartm\u00e1nik<\/strong>&nbsp;\u2013 samostatn\u00e1 ubytovacia jednotka ide\u00e1lna pre p\u00e1r, alebo rodinku.<\/p>\n\n\n\n<p><strong>Umenie, hist\u00f3ria, v\u00fdh\u013eady a pokoj<\/strong>&nbsp;\u2013 to v\u0161etko na jednom mieste.<br>Vitajte v dome, ktor\u00fd m\u00e1 170 rokov a st\u00e1le s vami r\u00e1ta.<br>Vitajte v neskuto\u010dnej \u0160tiavnici.<\/p>\n\n\n\n<p><strong>Hostia zo v\u0161etk\u00fdch k\u00fatov sveta<\/strong><br>Na\u0161a br\u00e1na je otvoren\u00e1 v\u0161etk\u00fdm \u2013 u\u017e sme priv\u00edtali cestovate\u013eov z USA, Indie, Austr\u00e1lie, Iraku, Franc\u00fazska a \u010fal\u0161\u00edch kraj\u00edn. Bez oh\u013eadu na to, odkia\u013e ste, v\u017edy si n\u00e1jdeme spolo\u010dn\u00fa re\u010d (angli\u010dtina to ist\u00ed!).<\/p>\n\n\n\n<p><strong>\u010co hovoria na\u0161i hostia?<\/strong><br>Stovky spokojn\u00fdch ubytovan\u00fdch (zo Slovenska, \u010ciech aj \u010fal\u0161\u00edch kraj\u00edn) hovoria za v\u0161etko. Te\u0161\u00ed n\u00e1s ka\u017ed\u00e9 slovo chv\u00e1ly a spokojn\u00fd \u00fasmev pri odchode. Presved\u010dte sa sami \u2013 recenzie n\u00e1jdete <strong><a rel=\"noreferrer noopener\" href=\"https:\/\/sk.airbnb.com\/rooms\/766633334547230388\/reviews?check_in=2025-03-20&amp;check_out=2025-03-22&amp;search_mode=regular_search&amp;source_impression_id=p3_1741691572_P3KL4xkkUQHeluIY&amp;previous_page_section_name=1000&amp;federated_search_id=546e4aaf-9bcd-4fa9-8a3b-9f827eb1b831\" target=\"_blank\">tu<\/a> <\/strong>a <a rel=\"noreferrer noopener\" href=\"https:\/\/www.booking.com\/hotel\/sk\/banska-stiavnica-apartman-1-banska-stiavnica2.sk.html\" target=\"_blank\"><strong>tu<\/strong><\/a>.<\/p>\n","protected":false},"excerpt":{"rendered":"<p>\u2630 Domov O n\u00e1s Apartm\u00e1nik Gallery Apartm\u00e1n 1 Gallery Apartm\u00e1n 2 Gallery Residence U\u017eito\u010dn\u00e9 inform\u00e1cie Na\u0161e ceny Kontakty English O n\u00e1s Ubytko v \u0160tiavnici \u2013 v\u00e1\u0161 domov na cest\u00e1ch! Sme p\u00e1r nad\u0161encov cestovania, ktor\u00ed sa rozhodli vytvori\u0165 miesto, kde sa budete c\u00edti\u0165 ako doma \u2013 aj ke\u010f ste stovky kilometrov od vlastnej postele. Na\u0161a rodinn\u00e1<a class=\"more-link\" href=\"https:\/\/www.ubytkovstiavnici.sk\/?page_id=1191\">Continue reading <span class=\"screen-reader-text\">&#8222;O n\u00e1s_SK&#8220;<\/span><\/a><\/p>\n","protected":false},"author":1,"featured_media":0,"parent":0,"menu_order":0,"comment_status":"closed","ping_status":"closed","template":"","meta":{"_monsterinsights_skip_tracking":false,"_monsterinsights_sitenote_active":false,"_monsterinsights_sitenote_note":"","_monsterinsights_sitenote_category":0},"_links":{"self":[{"href":"https:\/\/www.ubytkovstiavnici.sk\/index.php?rest_route=\/wp\/v2\/pages\/1191"}],"collection":[{"href":"https:\/\/www.ubytkovstiavnici.sk\/index.php?rest_route=\/wp\/v2\/pages"}],"about":[{"href":"https:\/\/www.ubytkovstiavnici.sk\/index.php?rest_route=\/wp\/v2\/types\/page"}],"author":[{"embeddable":true,"href":"https:\/\/www.ubytkovstiavnici.sk\/index.php?rest_route=\/wp\/v2\/users\/1"}],"replies":[{"embeddable":true,"href":"https:\/\/www.ubytkovstiavnici.sk\/index.php?rest_route=%2Fwp%2Fv2%2Fcomments&post=1191"}],"version-history":[{"count":6,"href":"https:\/\/www.ubytkovstiavnici.sk\/index.php?rest_route=\/wp\/v2\/pages\/1191\/revisions"}],"predecessor-version":[{"id":1532,"href":"https:\/\/www.ubytkovstiavnici.sk\/index.php?rest_route=\/wp\/v2\/pages\/1191\/revisions\/1532"}],"wp:attachment":[{"href":"https:\/\/www.ubytkovstiavnici.sk\/index.php?rest_route=%2Fwp%2Fv2%2Fmedia&parent=1191"}],"curies":[{"name":"wp","href":"https:\/\/api.w.org\/{rel}","templated":true}]}}