{"id":1279,"date":"2025-12-08T10:01:16","date_gmt":"2025-12-08T09:01:16","guid":{"rendered":"https:\/\/www.ubytkovstiavnici.sk\/?page_id=1279"},"modified":"2026-01-03T12:14:07","modified_gmt":"2026-01-03T11:14:07","slug":"uzitocne-informacie_sk","status":"publish","type":"page","link":"https:\/\/www.ubytkovstiavnici.sk\/?page_id=1279","title":{"rendered":"U\u017eito\u010dn\u00e9 inform\u00e1cie_SK"},"content":{"rendered":"\n<!-- Tla\u010didlo MENU vpravo hore -->\n<button id=\"menuBtn\" style=\"\n    position:fixed;\n    top:15px;\n    right:15px;\n    z-index:10001;\n    padding:10px 15px;\n    font-size:35px;\n    background-color:#87A79D;\n    color:white;\n    border:none;\n    border-radius:5px;\n    cursor:pointer;\n\">\n  \u2630\n<\/button>\n\n<!-- Bo\u010dn\u00e9 menu -->\n<div id=\"sideMenu\" style=\"\n    position:fixed;\n    top:10;\n    right:-250px; \/* na za\u010diatku skryt\u00e9 *\/\n    width:250px;\n    height:100%;\n    background-color:#87A79D;\n    color:white;\n    padding-top:60px;\n    transition: right 0.5s ease;\n    z-index:10000;\n\">\n  <a href=\"https:\/\/www.ubytkovstiavnici.sk\/?page_id=1111\" style=\"display:block; padding:12px; color:white; text-decoration:none; font-size:18px;\">Domov<\/a>  \n<a href=\"https:\/\/www.ubytkovstiavnici.sk\/?page_id=1191\" style=\"display:block; padding:12px; color:white; text-decoration:none; font-size:18px;\">O n\u00e1s<\/a>\n  <a href=\"https:\/\/www.ubytkovstiavnici.sk\/?page_id=1174\" style=\"display:block; padding:12px; color:white; text-decoration:none; font-size:18px;\">Apartm\u00e1nik<\/a>\n  <a href=\"https:\/\/www.ubytkovstiavnici.sk\/?page_id=1185\" style=\"display:block; padding:12px; color:white; text-decoration:none; font-size:18px;\">Gallery Apartm\u00e1n 1<\/a>\n  <a href=\"https:\/\/www.ubytkovstiavnici.sk\/?page_id=1187\" style=\"display:block; padding:12px; color:white; text-decoration:none; font-size:18px;\">Gallery Apartm\u00e1n 2<\/a>\n  <a href=\"https:\/\/www.ubytkovstiavnici.sk\/?page_id=1189\" style=\"display:block; padding:12px; color:white; text-decoration:none; font-size:18px;\">Gallery Residence<\/a>\n  <a href=\"https:\/\/www.ubytkovstiavnici.sk\/?page_id=1279\" style=\"display:block; padding:12px; color:white; text-decoration:none; font-size:18px;\">U\u017eito\u010dn\u00e9 inform\u00e1cie<\/a>\n  <a href=\"https:\/\/www.ubytkovstiavnici.sk\/?page_id=768\" style=\"display:block; padding:12px; color:white; text-decoration:none; font-size:18px;\">Na\u0161e ceny<\/a>\n  <a href=\"https:\/\/www.ubytkovstiavnici.sk\/?page_id=1397\" style=\"display:block; padding:12px; color:white; text-decoration:none; font-size:18px;\">Kontakty<\/a>\n <a href=\"https:\/\/www.ubytkovstiavnici.sk\/?page_id=1283\" style=\"display:block; padding:12px; color:white; text-decoration:none; font-size:18px;\">English<\/a>\n<\/div>\n\n<script>\n  const btn = document.getElementById('menuBtn');\n  const menu = document.getElementById('sideMenu');\n\n  \/\/ Toggle menu when clicking on the menu button\n  btn.addEventListener('click', function(event) {\n    event.stopPropagation(); \/\/ Prevent closing the menu when clicking the button\n    toggleMenu();\n  });\n\n  \/\/ Close menu when clicking outside of it\n  document.addEventListener('click', function(event) {\n    if (menu.style.right === '0px' && !menu.contains(event.target)) {\n      menu.style.right = '-250px'; \/\/ Close menu\n    }\n  });\n\n  function toggleMenu() {\n    if (menu.style.right === '0px') {\n      menu.style.right = '-250px'; \/\/ Close menu\n    } else {\n      menu.style.right = '0px'; \/\/ Open menu\n    }\n  }\n<\/script>\n\n\n\n<div id=\"fixed-floating-logo-wrapper\">\n  <a href=\"https:\/\/www.ubytkovstiavnici.sk\/?page_id=1497\" rel=\"noopener noreferrer\">\n    <img decoding=\"async\" class=\"fixed-floating-logo\" src=\"https:\/\/www.ubytkovstiavnici.sk\/wp-content\/uploads\/2025\/12\/UK-BIela-1.png\" alt=\"Logo\">\n  <\/a>\n<\/div>\n\n\n\n<p><\/p>\n\n\n\n<p><\/p>\n\n\n\n<p><\/p>\n\n\n\n<style>\n  .gr-section {\n    margin-bottom: 40px;\n    padding-bottom: 25px;\n    border-bottom: 1px solid #e5ded5;\n  }\n  .gr-section:last-child {\n    border-bottom: none;\n  }\n  .gr-title {\n    font-size: 22px;\n    font-weight: 600;\n    color: #000000;\n    margin-bottom: 12px;\n  }\n  .gr-text {\n    font-size: 16px;\n    line-height: 1.6;\n    color: #3a3a3a;\n    margin-bottom: 10px;\n  }\n  .gr-list {\n    margin: 5px 0 0 18px;\n    padding: 0;\n  }\n  .gr-list li {\n    margin: 4px 0;\n    font-size: 16px;\n    color: #3a3a3a;\n  }\n  .gr-link {\n    color: #5a4634;\n    text-decoration: underline;\n  }\n  .loc-icon {\n    display:inline-flex;\n    width:24px; height:24px;\n    align-items:center;\n    justify-content:center;\n    margin-left:6px;\n    text-decoration:none !important;\n    color:#d60000;\n  }\n  .loc-icon svg { width:18px; height:18px; }\n<\/style>\n\n<div class=\"gr-wrap\">\n\n  <div class=\"gr-section\">\n    <div class=\"gr-title\">Check-in a check-out<\/div>\n    <div class=\"gr-text\">\n      <strong>Check-in:<\/strong> od 16:00<br>\n      <strong>Check-out:<\/strong> do 11:00\n    <\/div>\n<div class=\"gr-text\">\n      Tieto \u010dasy s\u00fa potrebn\u00e9 najm\u00e4 v pr\u00edpadoch, ke\u010f s\u00fa apartm\u00e1ny obsaden\u00e9 tesne pred alebo po va\u0161om pobyte.\n    <\/div>\n    <div class=\"gr-text\">\n      <strong>Poloha ubytovania<\/strong>\n      <a class=\"loc-icon\" href=\"https:\/\/www.google.com\/maps?q=48.45844068637243,18.88719189522732\" target=\"_blank\" rel=\"noopener\">\n        <svg viewBox=\"0 0 24 24\" fill=\"none\">\n          <path d=\"M12 2C8.1 2 5 5.1 5 9c0 5.3 7 13 7 13s7-7.7 7-13c0-3.9-3.1-7-7-7z\" fill=\"#d60000\"\/>\n          <circle cx=\"12\" cy=\"9\" r=\"3\" fill=\"#ffffff\"\/>\n        <\/svg>\n      <\/a>\n    <\/div>\n   <\/div>\n\n  <div class=\"gr-section\">\n    <div class=\"gr-title\">Internet<\/div>\n    <div class=\"gr-text\">V objekte je kvalitn\u00e9 \u0161irokop\u00e1smov\u00e9 pripojenie vhodn\u00e9 na pr\u00e1cu aj streaming. Heslo n\u00e1jdete v apartm\u00e1ne.<\/div>\n  <\/div>\n\n  <div class=\"gr-section\">\n    <div class=\"gr-title\">Grilovanie<\/div>\n    <ul class=\"gr-list\">\n      <li><strong>Cel\u00e1 Gallery Residence<\/strong> \/ <strong>Gallery Apartm\u00e1n 2<\/strong> \u2014 vonkaj\u0161ie sedenie + plynov\u00fd gril<\/li>\n      <li><strong>Apartm\u00e1nik<\/strong> \u2014 mal\u00fd gril na dreven\u00e9 uhlie na dvore<\/li>\n    <\/ul>\n  <\/div>\n\n  <div class=\"gr-section\">\n    <div class=\"gr-title\">Psy<\/div>\n    <div class=\"gr-text\">\n      Sme dog-friendly pri pren\u00e1jme Celej Gallery Residence alebo Gallery Apartm\u00e1nu 2 (ohraden\u00fd dvor).  \n      Pr\u00edplatok: <strong>10 \u20ac \/ noc<\/strong>. Pros\u00edme nahl\u00e1si\u0165 vopred.\n    <\/div>\n  <\/div>\n\n  <div class=\"gr-section\">\n    <div class=\"gr-title\">Aktivity, podujatia a tipy v okol\u00ed<\/div>\n    <div class=\"gr-text\">Ste v srdci Banskej \u0160tiavnice. Aktu\u00e1lne inform\u00e1cie:<\/div>\n    <ul class=\"gr-list\">\n      <li><a class=\"gr-link\" href=\"https:\/\/www.banskastiavnica.travel\" target=\"_blank\" rel=\"noopener\">banskastiavnica.travel<\/a><\/li>\n      <li><a class=\"gr-link\" href=\"https:\/\/supervulkanstiavnica.sk\" target=\"_blank\" rel=\"noopener\">supervulkanstiavnica.sk<\/a><\/li>\n      <li><a class=\"gr-link\" href=\"https:\/\/www.facebook.com\/SupervulkanStiavnica\" target=\"_blank\" rel=\"noopener\">Facebook \u2013 Supervulk\u00e1n \u0160tiavnica<\/a><\/li>\n    <\/ul>\n  <\/div>\n\n  <div class=\"gr-section\">\n    <div class=\"gr-title\">Re\u0161taur\u00e1cie v okol\u00ed<\/div>\n\n    <div class=\"gr-text\"><strong>V\u00fdborn\u00e9 jedlo:<\/strong><\/div>\n    <ul class=\"gr-list\">\n      <li>\n        <a class=\"gr-link\" href=\"https:\/\/nakopci.sk\" target=\"_blank\" rel=\"noopener\">Na kopci<\/a>\n        <a class=\"loc-icon\" href=\"https:\/\/www.google.com\/maps\/search\/?api=1&#038;query=Na+kopci+Bansk\u00e1+\u0160tiavnica\" target=\"_blank\" rel=\"noopener\">\n          <svg viewBox=\"0 0 24 24\" fill=\"none\">\n            <path d=\"M12 2C8.1 2 5 5.1 5 9c0 5.3 7 13 7 13s7-7.7 7-13c0-3.9-3.1-7-7-7z\" fill=\"#d60000\"\/>\n            <circle cx=\"12\" cy=\"9\" r=\"3\" fill=\"#fff\"\/>\n          <\/svg>\n        <\/a>\n      <\/li>\n      <li>\n        <a class=\"gr-link\" href=\"https:\/\/hotelglaus.sk\" target=\"_blank\" rel=\"noopener\">Glaus<\/a>\n        <a class=\"loc-icon\" href=\"https:\/\/www.google.com\/maps\/search\/?api=1&#038;query=Hotel+Glaus+Bansk\u00e1+\u0160tiavnica\" target=\"_blank\" rel=\"noopener\">\n          <svg viewBox=\"0 0 24 24\" fill=\"none\">\n            <path d=\"M12 2C8.1 2 5 5.1 5 9c0 5.3 7 13 7 13s7-7.7 7-13c0-3.9-3.1-7-7-7z\" fill=\"#d60000\"\/>\n            <circle cx=\"12\" cy=\"9\" r=\"3\" fill=\"#fff\"\/>\n          <\/svg>\n        <\/a>\n      <\/li>\n      <li>\n        <a class=\"gr-link\" href=\"https:\/\/www.facebook.com\/MonarchiaRestaurant\/?locale=sk_SK\" target=\"_blank\" rel=\"noopener\">Monarchia<\/a>\n        <a class=\"loc-icon\" href=\"https:\/\/www.google.com\/maps\/search\/?api=1&#038;query=Monarchia+Bansk\u00e1+\u0160tiavnica\" target=\"_blank\" rel=\"noopener\">\n          <svg viewBox=\"0 0 24 24\" fill=\"none\">\n            <path d=\"M12 2C8.1 2 5 5.1 5 9c0 5.3 7 13 7 13s7-7.7 7-13c0-3.9-3.1-7-7-7z\" fill=\"#d60000\"\/>\n            <circle cx=\"12\" cy=\"9\" r=\"3\" fill=\"#fff\"\/>\n          <\/svg>\n        <\/a>\n      <\/li>\n      <li>\n        <a class=\"gr-link\" href=\"https:\/\/www.lembergbistro.sk\/\" target=\"_blank\" rel=\"noopener\">Lemberg bistro<\/a>\n        <a class=\"loc-icon\" href=\"https:\/\/www.google.com\/maps\/search\/?api=1&#038;query=Lemberg+bistro+Bansk\u00e1+\u0160tiavnica\" target=\"_blank\" rel=\"noopener\">\n          <svg viewBox=\"0 0 24 24\" fill=\"none\">\n            <path d=\"M12 2C8.1 2 5 5.1 5 9c0 5.3 7 13 7 13s7-7.7 7-13c0-3.9-3.1-7-7-7z\" fill=\"#d60000\"\/>\n            <circle cx=\"12\" cy=\"9\" r=\"3\" fill=\"#fff\"\/>\n          <\/svg>\n        <\/a>\n      <\/li>\n      <li>\n        <a class=\"gr-link\" href=\"https:\/\/www.facebook.com\/p\/Coburgbistro-100063635675277\" target=\"_blank\" rel=\"noopener\">Coburg<\/a>\n        <a class=\"loc-icon\" href=\"https:\/\/www.google.com\/maps\/search\/?api=1&#038;query=Coburg+Bistro+Bansk\u00e1+\u0160tiavnica\" target=\"_blank\" rel=\"noopener\">\n          <svg viewBox=\"0 0 24 24\" fill=\"none\">\n            <path d=\"M12 2C8.1 2 5 5.1 5 9c0 5.3 7 13 7 13s7-7.7 7-13c0-3.9-3.1-7-7-7z\" fill=\"#d60000\"\/>\n            <circle cx=\"12\" cy=\"9\" r=\"3\" fill=\"#fff\"\/>\n          <\/svg>\n        <\/a>\n      <\/li>\n    <\/ul>\n\n    <div class=\"gr-text\" style=\"margin-top:12px;\"><strong>K\u00e1va &#038; oddych:<\/strong><\/div>\n    <ul class=\"gr-list\">\n      <li>\n        <a class=\"gr-link\" href=\"https:\/\/artcafe.sk\/\" target=\"_blank\" rel=\"noopener\">Art Cafe<\/a>\n        <a class=\"loc-icon\" href=\"https:\/\/www.google.com\/maps\/search\/?api=1&#038;query=Art+Cafe+Bansk\u00e1+\u0160tiavnica\" target=\"_blank\" rel=\"noopener\">\n          <svg viewBox=\"0 0 24 24\" fill=\"none\">\n            <path d=\"M12 2C8.1 2 5 5.1 5 9c0 5.3 7 13 7 13s7-7.7 7-13c0-3.9-3.1-7-7-7z\" fill=\"#d60000\"\/>\n            <circle cx=\"12\" cy=\"9\" r=\"3\" fill=\"#fff\"\/>\n          <\/svg>\n        <\/a>\n      <\/li>\n      <li>\n        <a class=\"gr-link\" href=\"https:\/\/www.facebook.com\/CajovnaKlopacka\" target=\"_blank\" rel=\"noopener\">\u010cajov\u0148a Klopa\u010dka<\/a>\n        <a class=\"loc-icon\" href=\"https:\/\/www.google.com\/maps\/search\/?api=1&#038;query=\u010cajov\u0148a+Klopa\u010dka+Bansk\u00e1+\u0160tiavnica\" target=\"_blank\" rel=\"noopener\">\n          <svg viewBox=\"0 0 24 24\" fill=\"none\">\n            <path d=\"M12 2C8.1 2 5 5.1 5 9c0 5.3 7 13 7 13s7-7.7 7-13c0-3.9-3.1-7-7-7z\" fill=\"#d60000\"\/>\n            <circle cx=\"12\" cy=\"9\" r=\"3\" fill=\"#fff\"\/>\n          <\/svg>\n        <\/a>\n      <\/li>\n      <li>\n        <a class=\"gr-link\" href=\"https:\/\/ruina.sk\/\" target=\"_blank\" rel=\"noopener\">Ruin bar<\/a>\n        <a class=\"loc-icon\" href=\"https:\/\/www.google.com\/maps\/search\/?api=1&#038;query=Ruin+bar+Bansk\u00e1+\u0160tiavnica\" target=\"_blank\" rel=\"noopener\">\n          <svg viewBox=\"0 0 24 24\" fill=\"none\">\n            <path d=\"M12 2C8.1 2 5 5.1 5 9c0 5.3 7 13 7 13s7-7.7 7-13c0-3.9-3.1-7-7-7z\" fill=\"#d60000\"\/>\n            <circle cx=\"12\" cy=\"9\" r=\"3\" fill=\"#fff\"\/>\n          <\/svg>\n        <\/a>\n      <\/li>\n      <li>\n        <a class=\"gr-link\" href=\"https:\/\/www.facebook.com\/p\/Archanjel-caffe-bar-100063631867420\/\" target=\"_blank\" rel=\"noopener\">Archanjel Caffe Bar<\/a>\n        <a class=\"loc-icon\" href=\"https:\/\/www.google.com\/maps\/search\/?api=1&#038;query=Archanjel+Caffe+Bar+Bansk\u00e1+\u0160tiavnica\" target=\"_blank\" rel=\"noopener\">\n          <svg viewBox=\"0 0 24 24\" fill=\"none\">\n            <path d=\"M12 2C8.1 2 5 5.1 5 9c0 5.3 7 13 7 13s7-7.7 7-13c0-3.9-3.1-7-7-7z\" fill=\"#d60000\"\/>\n            <circle cx=\"12\" cy=\"9\" r=\"3\" fill=\"#fff\"\/>\n          <\/svg>\n        <\/a>\n      <\/li>\n    <\/ul>\n  <\/div>\n\n  <div class=\"gr-section\">\n    <div class=\"gr-title\">Nakupovanie<\/div>\n    <ul class=\"gr-list\">\n      <li>\n        Sama potraviny (najbli\u017e\u0161ie)\n        <a class=\"loc-icon\" href=\"https:\/\/www.google.com\/maps\/place\/48%C2%B027'31.8%22N+18%C2%B053'37.7%22E\/@48.4588311,18.8931675\" target=\"_blank\" rel=\"noopener\">\n          <svg viewBox=\"0 0 24 24\" fill=\"none\">\n            <path d=\"M12 2C8.1 2 5 5.1 5 9c0 5.3 7 13 7 13s7-7.7 7-13c0-3.9-3.1-7-7-7z\" fill=\"#d60000\"\/>\n            <circle cx=\"12\" cy=\"9\" r=\"3\" fill=\"#fff\"\/>\n          <\/svg>\n        <\/a>\n      <\/li>\n      <li>\n        OC Du\u017eina\n        <a class=\"loc-icon\" href=\"https:\/\/www.google.com\/maps\/search\/?api=1&#038;query=OC+Du\u017eina+Bansk\u00e1+\u0160tiavnica\" target=\"_blank\" rel=\"noopener\">\n          <svg viewBox=\"0 0 24 24\" fill=\"none\">\n            <path d=\"M12 2C8.1 2 5 5.1 5 9c0 5.3 7 13 7 13s7-7.7 7-13c0-3.9-3.1-7-7-7z\" fill=\"#d60000\"\/>\n            <circle cx=\"12\" cy=\"9\" r=\"3\" fill=\"#fff\"\/>\n          <\/svg>\n        <\/a>\n      <\/li>\n      <li>\n        OC Lipa Park\n        <a class=\"loc-icon\" href=\"https:\/\/www.google.com\/maps\/search\/?api=1&#038;query=OC+Lipa+Park+Bansk\u00e1+\u0160tiavnica\" target=\"_blank\" rel=\"noopener\">\n          <svg viewBox=\"0 0 24 24\" fill=\"none\">\n            <path d=\"M12 2C8.1 2 5 5.1 5 9c0 5.3 7 13 7 13s7-7.7 7-13c0-3.9-3.1-7-7-7z\" fill=\"#d60000\"\/>\n            <circle cx=\"12\" cy=\"9\" r=\"3\" fill=\"#fff\"\/>\n          <\/svg>\n        <\/a>\n      <\/li>\n    <\/ul>\n  <\/div>\n\n  <div class=\"gr-section\">\n    <div class=\"gr-title\">Parkovanie<\/div>\n    <div class=\"gr-text\"><strong>Apartm\u00e1nik:<\/strong> 1 miesto<br><strong>Gallery apartm\u00e1ny:<\/strong> 2 miesta<\/div>\n  <\/div>\n\n  <div class=\"gr-section\">\n    <div class=\"gr-title\">Trochu techniky<\/div>\n    <div class=\"gr-text\">\n      <strong>Apartm\u00e1nik:<\/strong> radi\u00e1torov\u00e9 k\u00farenie.<br>\n      <strong>Gallery apartm\u00e1ny:<\/strong> podlahov\u00e9 k\u00farenie + tepeln\u00e9 \u010derpadl\u00e1 (v lete ako klimatiz\u00e1cia).<br>\n      <strong>Gallery Apartm\u00e1n 2:<\/strong> Navy\u0161e kach\u013eov\u00e1 pec.<br>\n       <strong>TV so SKYlinkom;<\/strong> \u010fal\u0161ie slu\u017eby (Netflix, HBO, YouTube\u2026) cez vlastn\u00e9 \u00fa\u010dty.\n    <\/div>\n  <\/div>\n\n  <div class=\"gr-section\">\n    <div class=\"gr-title\">Ly\u017eovanie<\/div>\n    <ul class=\"gr-list\">\n      <li>\n        Salamandra Resort (5 km)\n        <a class=\"loc-icon\" href=\"https:\/\/www.google.com\/maps\/search\/?api=1&#038;query=Salamandra+Resort+Bansk\u00e1+\u0160tiavnica\" target=\"_blank\" rel=\"noopener\">\n          <svg viewBox=\"0 0 24 24\" fill=\"none\">\n            <path d=\"M12 2C8.1 2 5 5.1 5 9c0 5.3 7 13 7 13s7-7.7 7-13c0-3.9-3.1-7-7-7z\" fill=\"#d60000\"\/>\n            <circle cx=\"12\" cy=\"9\" r=\"3\" fill=\"#fff\"\/>\n          <\/svg>\n        <\/a>\n      <\/li>\n      <li>\n        Be\u017eeck\u00e9 trasy \u2013 \u010cerven\u00e1 stud\u0148a\n        <a class=\"loc-icon\" href=\"https:\/\/www.google.com\/maps\/search\/?api=1&#038;query=\u010cerven\u00e1+stud\u0148a+Bansk\u00e1+\u0160tiavnica\" target=\"_blank\" rel=\"noopener\">\n          <svg viewBox=\"0 0 24 24\" fill=\"none\">\n            <path d=\"M12 2C8.1 2 5 5.1 5 9c0 5.3 7 13 7 13s7-7.7 7-13c0-3.9-3.1-7-7-7z\" fill=\"#d60000\"\/>\n            <circle cx=\"12\" cy=\"9\" r=\"3\" fill=\"#fff\"\/>\n          <\/svg>\n        <\/a>\n      <\/li>\n      <li>Do 1 hodiny: \u0160achti\u010dky, SKI Kr\u00e1liky, Donovaly, Chopok Juh<\/li>\n    <\/ul>\n  <\/div>\n\n  <div class=\"gr-section\">\n    <div class=\"gr-title\">Leto \u2013 k\u00fapanie &#038; turistika<\/div>\n\n    <div class=\"gr-text\"><strong>Tajchy:<\/strong><\/div>\n    <ul class=\"gr-list\">\n      <li>\n        Po\u010d\u00favadlo\n        <a class=\"loc-icon\" href=\"https:\/\/www.google.com\/maps\/place\/Po%C4%8D%C3%BAvadlo+jazero\/@48.4031773,18.8533924\"_blank\" rel=\"noopener\">\n          <svg viewBox=\"0 0 24 24\" fill=\"none\">\n            <path d=\"M12 2C8.1 2 5 5.1 5 9c0 5.3 7 13 7 13s7-7.7 7-13c0-3.9-3.1-7-7-7z\" fill=\"#d60000\"\/>\n            <circle cx=\"12\" cy=\"9\" r=\"3\" fill=\"#fff\"\/>\n          <\/svg>\n        <\/a>\n      <\/li>\n      <li>\n        Rich\u0148ava\n        <a class=\"loc-icon\" href=\"https:\/\/www.google.com\/maps\/search\/?api=1&#038;query=Rich\u0148ava+Bansk\u00e1+\u0160tiavnica\" target=\"_blank\" rel=\"noopener\">\n          <svg viewBox=\"0 0 24 24\" fill=\"none\">\n            <path d=\"M12 2C8.1 2 5 5.1 5 9c0 5.3 7 13 7 13s7-7.7 7-13c0-3.9-3.1-7-7-7z\" fill=\"#d60000\"\/>\n            <circle cx=\"12\" cy=\"9\" r=\"3\" fill=\"#fff\"\/>\n          <\/svg>\n        <\/a>\n      <\/li>\n      <li>\n        Wind\u0161achta\n        <a class=\"loc-icon\" href=\"https:\/\/www.google.com\/maps\/search\/?api=1&#038;query=Wind\u0161achta+Bansk\u00e1+\u0160tiavnica\" target=\"_blank\" rel=\"noopener\">\n          <svg viewBox=\"0 0 24 24\" fill=\"none\">\n            <path d=\"M12 2C8.1 2 5 5.1 5 9c0 5.3 7 13 7 13s7-7.7 7-13c0-3.9-3.1-7-7-7z\" fill=\"#d60000\"\/>\n            <circle cx=\"12\" cy=\"9\" r=\"3\" fill=\"#fff\"\/>\n          <\/svg>\n        <\/a>\n      <\/li>\n      <li>\n        Evi\u010dkino jazero\n        <a class=\"loc-icon\" href=\"https:\/\/www.google.com\/maps\/search\/?api=1&#038;query=Evi\u010dkino+jazero+Bansk\u00e1+\u0160tiavnica\" target=\"_blank\" rel=\"noopener\">\n          <svg viewBox=\"0 0 24 24\" fill=\"none\">\n            <path d=\"M12 2C8.1 2 5 5.1 5 9c0 5.3 7 13 7 13s7-7.7 7-13c0-3.9-3.1-7-7-7z\" fill=\"#d60000\"\/>\n            <circle cx=\"12\" cy=\"9\" r=\"3\" fill=\"#fff\"\/>\n          <\/svg>\n        <\/a>\n      <\/li>\n      <li>\n        Kolpa\u0161sk\u00fd tajch\n        <a class=\"loc-icon\" href=\"https:\/\/www.google.com\/maps\/place\/Ve%C4%BEk%C3%A9+Studensk%C3%A9+jazero\/@48.4489043,18.9718434\" rel=\"noopener\">\n          <svg viewBox=\"0 0 24 24\" fill=\"none\">\n            <path d=\"M12 2C8.1 2 5 5.1 5 9c0 5.3 7 13 7 13s7-7.7 7-13c0-3.9-3.1-7-7-7z\" fill=\"#d60000\"\/>\n            <circle cx=\"12\" cy=\"9\" r=\"3\" fill=\"#fff\"\/>\n          <\/svg>\n        <\/a>\n      <\/li>\n    <\/ul>\n\n    <div class=\"gr-text\" style=\"margin-top:10px;\"><strong>Turistika:<\/strong><\/div>\n    <ul class=\"gr-list\">\n      <li>\n        Glanzenberg\n        <a class=\"loc-icon\" href=\"https:\/\/www.google.com\/maps\/search\/?api=1&#038;query=Glanzenberg+Bansk\u00e1+\u0160tiavnica\" target=\"_blank\" rel=\"noopener\">\n          <svg viewBox=\"0 0 24 24\" fill=\"none\">\n            <path d=\"M12 2C8.1 2 5 5.1 5 9c0 5.3 7 13 7 13s7-7.7 7-13c0-3.9-3.1-7-7-7z\" fill=\"#d60000\"\/>\n            <circle cx=\"12\" cy=\"9\" r=\"3\" fill=\"#fff\"\/>\n          <\/svg>\n        <\/a>\n      <\/li>\n      <li>\n        Sitno\n        <a class=\"loc-icon\" href=\"https:\/\/www.google.com\/maps\/search\/?api=1&#038;query=Sitno+Bansk\u00e1+\u0160tiavnica\" target=\"_blank\" rel=\"noopener\">\n          <svg viewBox=\"0 0 24 24\" fill=\"none\">\n            <path d=\"M12 2C8.1 2 5 5.1 5 9c0 5.3 7 13 7 13s7-7.7 7-13c0-3.9-3.1-7-7-7z\" fill=\"#d60000\"\/>\n            <circle cx=\"12\" cy=\"9\" r=\"3\" fill=\"#fff\"\/>\n          <\/svg>\n        <\/a>\n      <\/li>\n      \n      <li>\n        Paradajs\n        <a class=\"loc-icon\" href=\"https:\/\/www.google.com\/maps\/search\/?api=1&#038;query=Paradajs+Bansk\u00e1+\u0160tiavnica\" target=\"_blank\" rel=\"noopener\">\n          <svg viewBox=\"0 0 24 24\" fill=\"none\">\n            <path d=\"M12 2C8.1 2 5 5.1 5 9c0 5.3 7 13 7 13s7-7.7 7-13c0-3.9-3.1-7-7-7z\" fill=\"#d60000\"\/>\n            <circle cx=\"12\" cy=\"9\" r=\"3\" fill=\"#fff\"\/>\n          <\/svg>\n        <\/a>\n      <\/li>\n      <li>\n        Kysih\u00fdbe\u013e\n        <a class=\"loc-icon\" href=\"https:\/\/www.google.com\/maps\/search\/?api=1&#038;query=Kysih\u00fdbe\u013e+Bansk\u00e1+\u0160tiavnica\" target=\"_blank\" rel=\"noopener\">\n          <svg viewBox=\"0 0 24 24\" fill=\"none\">\n            <path d=\"M12 2C8.1 2 5 5.1 5 9c0 5.3 7 13 7 13s7-7.7 7-13c0-3.9-3.1-7-7-7z\" fill=\"#d60000\"\/>\n            <circle cx=\"12\" cy=\"9\" r=\"3\" fill=\"#fff\"\/>\n          <\/svg>\n        <\/a>\n      <\/li>\n    <\/ul>\n  <\/div>\n\n  <div class=\"gr-section\">\n    <div class=\"gr-title\">\u010co nie je povolen\u00e9?<\/div>\n    <div class=\"gr-text\">V interi\u00e9ri plat\u00ed <strong>pr\u00edsny z\u00e1kaz faj\u010denia<\/strong> (vr\u00e1tane e-cigariet).  \n    V exteri\u00e9ri pros\u00edme re\u0161pektova\u0165 s\u00fakromie ostatn\u00fdch host\u00ed a susedov.<\/div>\n  <\/div>\n\n<\/div>\n","protected":false},"excerpt":{"rendered":"<p>\u2630 Domov O n\u00e1s Apartm\u00e1nik Gallery Apartm\u00e1n 1 Gallery Apartm\u00e1n 2 Gallery Residence U\u017eito\u010dn\u00e9 inform\u00e1cie Na\u0161e ceny Kontakty English Check-in a check-out Check-in: od 16:00 Check-out: do 11:00 Tieto \u010dasy s\u00fa potrebn\u00e9 najm\u00e4 v pr\u00edpadoch, ke\u010f s\u00fa apartm\u00e1ny obsaden\u00e9 tesne pred alebo po va\u0161om pobyte. Poloha ubytovania Internet V objekte je kvalitn\u00e9 \u0161irokop\u00e1smov\u00e9 pripojenie vhodn\u00e9<a class=\"more-link\" href=\"https:\/\/www.ubytkovstiavnici.sk\/?page_id=1279\">Continue reading <span class=\"screen-reader-text\">&#8222;U\u017eito\u010dn\u00e9 inform\u00e1cie_SK&#8220;<\/span><\/a><\/p>\n","protected":false},"author":1,"featured_media":0,"parent":0,"menu_order":0,"comment_status":"closed","ping_status":"closed","template":"","meta":{"_monsterinsights_skip_tracking":false,"_monsterinsights_sitenote_active":false,"_monsterinsights_sitenote_note":"","_monsterinsights_sitenote_category":0},"_links":{"self":[{"href":"https:\/\/www.ubytkovstiavnici.sk\/index.php?rest_route=\/wp\/v2\/pages\/1279"}],"collection":[{"href":"https:\/\/www.ubytkovstiavnici.sk\/index.php?rest_route=\/wp\/v2\/pages"}],"about":[{"href":"https:\/\/www.ubytkovstiavnici.sk\/index.php?rest_route=\/wp\/v2\/types\/page"}],"author":[{"embeddable":true,"href":"https:\/\/www.ubytkovstiavnici.sk\/index.php?rest_route=\/wp\/v2\/users\/1"}],"replies":[{"embeddable":true,"href":"https:\/\/www.ubytkovstiavnici.sk\/index.php?rest_route=%2Fwp%2Fv2%2Fcomments&post=1279"}],"version-history":[{"count":5,"href":"https:\/\/www.ubytkovstiavnici.sk\/index.php?rest_route=\/wp\/v2\/pages\/1279\/revisions"}],"predecessor-version":[{"id":1599,"href":"https:\/\/www.ubytkovstiavnici.sk\/index.php?rest_route=\/wp\/v2\/pages\/1279\/revisions\/1599"}],"wp:attachment":[{"href":"https:\/\/www.ubytkovstiavnici.sk\/index.php?rest_route=%2Fwp%2Fv2%2Fmedia&parent=1279"}],"curies":[{"name":"wp","href":"https:\/\/api.w.org\/{rel}","templated":true}]}}