{"id":1397,"date":"2025-12-09T15:46:14","date_gmt":"2025-12-09T14:46:14","guid":{"rendered":"https:\/\/www.ubytkovstiavnici.sk\/?page_id=1397"},"modified":"2025-12-15T17:31:09","modified_gmt":"2025-12-15T16:31:09","slug":"kontakty_sk","status":"publish","type":"page","link":"https:\/\/www.ubytkovstiavnici.sk\/?page_id=1397","title":{"rendered":"Kontakty_SK"},"content":{"rendered":"\n<!-- Tla\u010didlo MENU vpravo hore -->\n<button id=\"menuBtn\" style=\"\n    position:fixed;\n    top:15px;\n    right:15px;\n    z-index:10001;\n    padding:10px 15px;\n    font-size:35px;\n    background-color:#87A79D;\n    color:white;\n    border:none;\n    border-radius:5px;\n    cursor:pointer;\n\">\n  \u2630\n<\/button>\n\n<!-- Bo\u010dn\u00e9 menu -->\n<div id=\"sideMenu\" style=\"\n    position:fixed;\n    top:10;\n    right:-250px; \/* na za\u010diatku skryt\u00e9 *\/\n    width:250px;\n    height:100%;\n    background-color:#87A79D;\n    color:white;\n    padding-top:60px;\n    transition: right 0.5s ease;\n    z-index:10000;\n\">\n  <a href=\"https:\/\/www.ubytkovstiavnici.sk\/?page_id=1111\" style=\"display:block; padding:12px; color:white; text-decoration:none; font-size:18px;\">Domov<\/a>  \n<a href=\"https:\/\/www.ubytkovstiavnici.sk\/?page_id=1191\" style=\"display:block; padding:12px; color:white; text-decoration:none; font-size:18px;\">O n\u00e1s<\/a>\n  <a href=\"https:\/\/www.ubytkovstiavnici.sk\/?page_id=1174\" style=\"display:block; padding:12px; color:white; text-decoration:none; font-size:18px;\">Apartm\u00e1nik<\/a>\n  <a href=\"https:\/\/www.ubytkovstiavnici.sk\/?page_id=1185\" style=\"display:block; padding:12px; color:white; text-decoration:none; font-size:18px;\">Gallery Apartm\u00e1n 1<\/a>\n  <a href=\"https:\/\/www.ubytkovstiavnici.sk\/?page_id=1187\" style=\"display:block; padding:12px; color:white; text-decoration:none; font-size:18px;\">Gallery Apartm\u00e1n 2<\/a>\n  <a href=\"https:\/\/www.ubytkovstiavnici.sk\/?page_id=1189\" style=\"display:block; padding:12px; color:white; text-decoration:none; font-size:18px;\">Gallery Residence<\/a>\n  <a href=\"https:\/\/www.ubytkovstiavnici.sk\/?page_id=1279\" style=\"display:block; padding:12px; color:white; text-decoration:none; font-size:18px;\">U\u017eito\u010dn\u00e9 inform\u00e1cie<\/a>\n  <a href=\"https:\/\/www.ubytkovstiavnici.sk\/?page_id=768\" style=\"display:block; padding:12px; color:white; text-decoration:none; font-size:18px;\">Na\u0161e ceny<\/a>\n  <a href=\"https:\/\/www.ubytkovstiavnici.sk\/?page_id=1397\" style=\"display:block; padding:12px; color:white; text-decoration:none; font-size:18px;\">Kontakty<\/a>\n <a href=\"https:\/\/www.ubytkovstiavnici.sk\/?page_id=1283\" style=\"display:block; padding:12px; color:white; text-decoration:none; font-size:18px;\">English<\/a>\n<\/div>\n\n<script>\n  const btn = document.getElementById('menuBtn');\n  const menu = document.getElementById('sideMenu');\n\n  \/\/ Toggle menu when clicking on the menu button\n  btn.addEventListener('click', function(event) {\n    event.stopPropagation(); \/\/ Prevent closing the menu when clicking the button\n    toggleMenu();\n  });\n\n  \/\/ Close menu when clicking outside of it\n  document.addEventListener('click', function(event) {\n    if (menu.style.right === '0px' && !menu.contains(event.target)) {\n      menu.style.right = '-250px'; \/\/ Close menu\n    }\n  });\n\n  function toggleMenu() {\n    if (menu.style.right === '0px') {\n      menu.style.right = '-250px'; \/\/ Close menu\n    } else {\n      menu.style.right = '0px'; \/\/ Open menu\n    }\n  }\n<\/script>\n\n\n\n<div id=\"fixed-floating-logo-wrapper\">\n  <a href=\"https:\/\/www.ubytkovstiavnici.sk\/?page_id=1487\" rel=\"noopener noreferrer\">\n    <img decoding=\"async\" class=\"fixed-floating-logo\" src=\"https:\/\/www.ubytkovstiavnici.sk\/wp-content\/uploads\/2025\/12\/UK-BIela-1.png\" alt=\"Logo\">\n  <\/a>\n<\/div>\n\n\n\n<h3 class=\"wp-block-heading alignwide has-text-align-center has-background has-large-font-size\" id=\"Kontakty\" style=\"background-color:#87a79d;margin-top:0;margin-right:0;margin-bottom:0;margin-left:0;padding-top:var(--wp--preset--spacing--20);padding-bottom:var(--wp--preset--spacing--20);font-style:normal;font-weight:700\">Kontakty:<\/h3>\n\n\n\n<div class=\"wp-block-group has-background is-layout-constrained\" style=\"background-color:#87a79d;padding-top:10px;padding-bottom:10px\"><div class=\"wp-block-group__inner-container\">\n<p class=\"has-text-align-center has-medium-font-size is-layout-flow\"><a href=\"mailto:info@ubytkovstiavnici.sk\"><strong>info@ubytkovstiavnici.sk<\/strong><\/a><\/p>\n\n\n\n<p class=\"has-text-align-center has-medium-font-size is-layout-flow\">Viery V\u00e1clavekovej 534\/1<\/p>\n\n\n\n<p class=\"has-text-align-center has-medium-font-size is-layout-flow\">969 01 Bansk\u00e1 \u0160tiavnica<\/p>\n<\/div><\/div>\n\n\n\n<div class=\"wp-block-columns are-vertically-aligned-center is-layout-flex wp-container-10\">\n<div class=\"wp-block-column is-vertically-aligned-center is-layout-flow\" style=\"flex-basis:100%\">\n<div class=\"wp-block-group has-background is-content-justification-center is-nowrap is-layout-flex wp-container-8\" style=\"background-color:#87a79d\">\n<figure class=\"wp-block-image size-large is-resized\"><img decoding=\"async\" loading=\"lazy\" src=\"https:\/\/jurajpauk.files.wordpress.com\/2023\/06\/cell-phone-icon-black-7.png?w=512\" alt=\"\" class=\"wp-image-433\" width=\"123\" height=\"118\"\/><\/figure>\n\n\n\n<div class=\"wp-block-group is-content-justification-center is-nowrap is-layout-flex wp-container-7\">\n<div style=\"height:100px\" aria-hidden=\"true\" class=\"wp-block-spacer\"><\/div>\n\n\n\n<div class=\"wp-block-columns is-layout-flex wp-container-6\">\n<div class=\"wp-block-column is-layout-flow\" style=\"flex-basis:100%\">\n<p class=\"has-normal-font-size\"><a href=\"tel:+421905311696\"><strong>+421 905 311 696<\/strong><\/a><\/p>\n\n\n\n<p class=\"has-normal-font-size\"><a href=\"tel:+421951248583\"><strong>+421 951 248 583<\/strong><\/a><\/p>\n<\/div>\n<\/div>\n<\/div>\n<\/div>\n<\/div>\n<\/div>\n","protected":false},"excerpt":{"rendered":"<p>\u2630 Domov O n\u00e1s Apartm\u00e1nik Gallery Apartm\u00e1n 1 Gallery Apartm\u00e1n 2 Gallery Residence U\u017eito\u010dn\u00e9 inform\u00e1cie Na\u0161e ceny Kontakty English Kontakty: info@ubytkovstiavnici.sk Viery V\u00e1clavekovej 534\/1 969 01 Bansk\u00e1 \u0160tiavnica +421 905 311 696 +421 951 248 583<\/p>\n","protected":false},"author":1,"featured_media":0,"parent":0,"menu_order":0,"comment_status":"closed","ping_status":"closed","template":"","meta":{"_monsterinsights_skip_tracking":false,"_monsterinsights_sitenote_active":false,"_monsterinsights_sitenote_note":"","_monsterinsights_sitenote_category":0},"_links":{"self":[{"href":"https:\/\/www.ubytkovstiavnici.sk\/index.php?rest_route=\/wp\/v2\/pages\/1397"}],"collection":[{"href":"https:\/\/www.ubytkovstiavnici.sk\/index.php?rest_route=\/wp\/v2\/pages"}],"about":[{"href":"https:\/\/www.ubytkovstiavnici.sk\/index.php?rest_route=\/wp\/v2\/types\/page"}],"author":[{"embeddable":true,"href":"https:\/\/www.ubytkovstiavnici.sk\/index.php?rest_route=\/wp\/v2\/users\/1"}],"replies":[{"embeddable":true,"href":"https:\/\/www.ubytkovstiavnici.sk\/index.php?rest_route=%2Fwp%2Fv2%2Fcomments&post=1397"}],"version-history":[{"count":5,"href":"https:\/\/www.ubytkovstiavnici.sk\/index.php?rest_route=\/wp\/v2\/pages\/1397\/revisions"}],"predecessor-version":[{"id":1531,"href":"https:\/\/www.ubytkovstiavnici.sk\/index.php?rest_route=\/wp\/v2\/pages\/1397\/revisions\/1531"}],"wp:attachment":[{"href":"https:\/\/www.ubytkovstiavnici.sk\/index.php?rest_route=%2Fwp%2Fv2%2Fmedia&parent=1397"}],"curies":[{"name":"wp","href":"https:\/\/api.w.org\/{rel}","templated":true}]}}