{"id":1625,"date":"2026-01-27T13:45:29","date_gmt":"2026-01-27T12:45:29","guid":{"rendered":"https:\/\/www.ubytkovstiavnici.sk\/?page_id=1625"},"modified":"2026-01-27T15:06:13","modified_gmt":"2026-01-27T14:06:13","slug":"v-g2","status":"publish","type":"page","link":"https:\/\/www.ubytkovstiavnici.sk\/?page_id=1625","title":{"rendered":"V G2"},"content":{"rendered":"<div class=\"is-default-size aligncenter wp-block-site-logo\"><a href=\"https:\/\/www.ubytkovstiavnici.sk\/\" class=\"custom-logo-link\" rel=\"home\"><img loading=\"lazy\" width=\"733\" height=\"622\" src=\"https:\/\/www.ubytkovstiavnici.sk\/wp-content\/uploads\/2023\/05\/logo2.png\" class=\"custom-logo\" alt=\"Ubytko v \u0160tiavnici\" decoding=\"async\" srcset=\"https:\/\/www.ubytkovstiavnici.sk\/wp-content\/uploads\/2023\/05\/logo2.png 733w, https:\/\/www.ubytkovstiavnici.sk\/wp-content\/uploads\/2023\/05\/logo2-300x255.png 300w\" sizes=\"(max-width: 733px) 100vw, 733px\" \/><\/a><\/div>\n\n\n<!-- Tla\u010didlo MENU vpravo hore -->\r\n<button id=\"menuBtn\" style=\"\r\n    position:fixed;\r\n    top:15px;\r\n    right:15px;\r\n    z-index:10001;\r\n    padding:10px 15px;\r\n    font-size:35px;\r\n    background-color:#87A79D;\r\n    color:white;\r\n    border:none;\r\n    border-radius:5px;\r\n    cursor:pointer;\r\n\">\r\n  \u2630\r\n<\/button>\r\n\r\n<!-- Bo\u010dn\u00e9 menu -->\r\n<div id=\"sideMenu\" style=\"\r\n    position:fixed;\r\n    top:10;\r\n    right:-250px; \/* na za\u010diatku skryt\u00e9 *\/\r\n    width:250px;\r\n    height:100%;\r\n    background-color:#87A79D;\r\n    color:white;\r\n    padding-top:60px;\r\n    transition: right 0.5s ease;\r\n    z-index:10000;\r\n\">\r\n  <a href=\"https:\/\/www.ubytkovstiavnici.sk\/?page_id=1111\" style=\"display:block; padding:12px; color:white; text-decoration:none; font-size:18px;\">Domov<\/a>  \r\n<a href=\"https:\/\/www.ubytkovstiavnici.sk\/?page_id=1191\" style=\"display:block; padding:12px; color:white; text-decoration:none; font-size:18px;\">O n\u00e1s<\/a>\r\n  <a href=\"https:\/\/www.ubytkovstiavnici.sk\/?page_id=1174\" style=\"display:block; padding:12px; color:white; text-decoration:none; font-size:18px;\">Apartm\u00e1nik<\/a>\r\n  <a href=\"https:\/\/www.ubytkovstiavnici.sk\/?page_id=1185\" style=\"display:block; padding:12px; color:white; text-decoration:none; font-size:18px;\">Gallery Apartm\u00e1n 1<\/a>\r\n  <a href=\"https:\/\/www.ubytkovstiavnici.sk\/?page_id=1187\" style=\"display:block; padding:12px; color:white; text-decoration:none; font-size:18px;\">Gallery Apartm\u00e1n 2<\/a>\r\n  <a href=\"https:\/\/www.ubytkovstiavnici.sk\/?page_id=1189\" style=\"display:block; padding:12px; color:white; text-decoration:none; font-size:18px;\">Gallery Residence<\/a>\r\n  <a href=\"https:\/\/www.ubytkovstiavnici.sk\/?page_id=1279\" style=\"display:block; padding:12px; color:white; text-decoration:none; font-size:18px;\">U\u017eito\u010dn\u00e9 inform\u00e1cie<\/a>\r\n  <a href=\"https:\/\/www.ubytkovstiavnici.sk\/?page_id=768\" style=\"display:block; padding:12px; color:white; text-decoration:none; font-size:18px;\">Na\u0161e ceny<\/a>\r\n  <a href=\"https:\/\/www.ubytkovstiavnici.sk\/?page_id=1397\" style=\"display:block; padding:12px; color:white; text-decoration:none; font-size:18px;\">Kontakty<\/a>\r\n <a href=\"https:\/\/www.ubytkovstiavnici.sk\/?page_id=1283\" style=\"display:block; padding:12px; color:white; text-decoration:none; font-size:18px;\">English<\/a>\r\n<\/div>\r\n\r\n<script>\r\n  const btn = document.getElementById('menuBtn');\r\n  const menu = document.getElementById('sideMenu');\r\n\r\n  \/\/ Toggle menu when clicking on the menu button\r\n  btn.addEventListener('click', function(event) {\r\n    event.stopPropagation(); \/\/ Prevent closing the menu when clicking the button\r\n    toggleMenu();\r\n  });\r\n\r\n  \/\/ Close menu when clicking outside of it\r\n  document.addEventListener('click', function(event) {\r\n    if (menu.style.right === '0px' && !menu.contains(event.target)) {\r\n      menu.style.right = '-250px'; \/\/ Close menu\r\n    }\r\n  });\r\n\r\n  function toggleMenu() {\r\n    if (menu.style.right === '0px') {\r\n      menu.style.right = '-250px'; \/\/ Close menu\r\n    } else {\r\n      menu.style.right = '0px'; \/\/ Open menu\r\n    }\r\n  }\r\n<\/script>\n\n\n\n<figure class=\"wp-block-video aligncenter\"><video controls src=\"https:\/\/www.ubytkovstiavnici.sk\/wp-content\/uploads\/2026\/01\/G2.mp4\"><\/video><\/figure>\n","protected":false},"excerpt":{"rendered":"<p>\u2630 Domov O n\u00e1s Apartm\u00e1nik Gallery Apartm\u00e1n 1 Gallery Apartm\u00e1n 2 Gallery Residence U\u017eito\u010dn\u00e9 inform\u00e1cie Na\u0161e ceny Kontakty English<\/p>\n","protected":false},"author":1,"featured_media":0,"parent":0,"menu_order":0,"comment_status":"closed","ping_status":"closed","template":"","meta":{"_monsterinsights_skip_tracking":false,"_monsterinsights_sitenote_active":false,"_monsterinsights_sitenote_note":"","_monsterinsights_sitenote_category":0},"_links":{"self":[{"href":"https:\/\/www.ubytkovstiavnici.sk\/index.php?rest_route=\/wp\/v2\/pages\/1625"}],"collection":[{"href":"https:\/\/www.ubytkovstiavnici.sk\/index.php?rest_route=\/wp\/v2\/pages"}],"about":[{"href":"https:\/\/www.ubytkovstiavnici.sk\/index.php?rest_route=\/wp\/v2\/types\/page"}],"author":[{"embeddable":true,"href":"https:\/\/www.ubytkovstiavnici.sk\/index.php?rest_route=\/wp\/v2\/users\/1"}],"replies":[{"embeddable":true,"href":"https:\/\/www.ubytkovstiavnici.sk\/index.php?rest_route=%2Fwp%2Fv2%2Fcomments&post=1625"}],"version-history":[{"count":1,"href":"https:\/\/www.ubytkovstiavnici.sk\/index.php?rest_route=\/wp\/v2\/pages\/1625\/revisions"}],"predecessor-version":[{"id":1627,"href":"https:\/\/www.ubytkovstiavnici.sk\/index.php?rest_route=\/wp\/v2\/pages\/1625\/revisions\/1627"}],"wp:attachment":[{"href":"https:\/\/www.ubytkovstiavnici.sk\/index.php?rest_route=%2Fwp%2Fv2%2Fmedia&parent=1625"}],"curies":[{"name":"wp","href":"https:\/\/api.w.org\/{rel}","templated":true}]}}