{"id":768,"date":"2024-01-25T11:33:13","date_gmt":"2024-01-25T10:33:13","guid":{"rendered":"https:\/\/www.ubytkovstiavnici.sk\/?page_id=768"},"modified":"2026-04-29T13:09:21","modified_gmt":"2026-04-29T11:09:21","slug":"cennik","status":"publish","type":"page","link":"https:\/\/www.ubytkovstiavnici.sk\/?page_id=768","title":{"rendered":"Cenn\u00edk_SK"},"content":{"rendered":"\n<!-- Tla\u010didlo MENU vpravo hore -->\n<button id=\"menuBtn\" style=\"\n    position:fixed;\n    top:15px;\n    right:15px;\n    z-index:10001;\n    padding:10px 15px;\n    font-size:35px;\n    background-color:#87A79D;\n    color:white;\n    border:none;\n    border-radius:5px;\n    cursor:pointer;\n\">\n  \u2630\n<\/button>\n\n<!-- Bo\u010dn\u00e9 menu -->\n<div id=\"sideMenu\" style=\"\n    position:fixed;\n    top:10;\n    right:-250px; \/* na za\u010diatku skryt\u00e9 *\/\n    width:250px;\n    height:100%;\n    background-color:#87A79D;\n    color:white;\n    padding-top:60px;\n    transition: right 0.5s ease;\n    z-index:10000;\n\">\n  <a href=\"https:\/\/www.ubytkovstiavnici.sk\/?page_id=1111\" style=\"display:block; padding:12px; color:white; text-decoration:none; font-size:18px;\">Domov<\/a>  \n<a href=\"https:\/\/www.ubytkovstiavnici.sk\/?page_id=1191\" style=\"display:block; padding:12px; color:white; text-decoration:none; font-size:18px;\">O n\u00e1s<\/a>\n  <a href=\"https:\/\/www.ubytkovstiavnici.sk\/?page_id=1174\" style=\"display:block; padding:12px; color:white; text-decoration:none; font-size:18px;\">Apartm\u00e1nik<\/a>\n  <a href=\"https:\/\/www.ubytkovstiavnici.sk\/?page_id=1185\" style=\"display:block; padding:12px; color:white; text-decoration:none; font-size:18px;\">Gallery Apartm\u00e1n 1<\/a>\n  <a href=\"https:\/\/www.ubytkovstiavnici.sk\/?page_id=1187\" style=\"display:block; padding:12px; color:white; text-decoration:none; font-size:18px;\">Gallery Apartm\u00e1n 2<\/a>\n  <a href=\"https:\/\/www.ubytkovstiavnici.sk\/?page_id=1189\" style=\"display:block; padding:12px; color:white; text-decoration:none; font-size:18px;\">Gallery Residence<\/a>\n  <a href=\"https:\/\/www.ubytkovstiavnici.sk\/?page_id=1279\" style=\"display:block; padding:12px; color:white; text-decoration:none; font-size:18px;\">U\u017eito\u010dn\u00e9 inform\u00e1cie<\/a>\n  <a href=\"https:\/\/www.ubytkovstiavnici.sk\/?page_id=768\" style=\"display:block; padding:12px; color:white; text-decoration:none; font-size:18px;\">Na\u0161e ceny<\/a>\n  <a href=\"https:\/\/www.ubytkovstiavnici.sk\/?page_id=1397\" style=\"display:block; padding:12px; color:white; text-decoration:none; font-size:18px;\">Kontakty<\/a>\n <a href=\"https:\/\/www.ubytkovstiavnici.sk\/?page_id=1283\" style=\"display:block; padding:12px; color:white; text-decoration:none; font-size:18px;\">English<\/a>\n<\/div>\n\n<script>\n  const btn = document.getElementById('menuBtn');\n  const menu = document.getElementById('sideMenu');\n\n  \/\/ Toggle menu when clicking on the menu button\n  btn.addEventListener('click', function(event) {\n    event.stopPropagation(); \/\/ Prevent closing the menu when clicking the button\n    toggleMenu();\n  });\n\n  \/\/ Close menu when clicking outside of it\n  document.addEventListener('click', function(event) {\n    if (menu.style.right === '0px' && !menu.contains(event.target)) {\n      menu.style.right = '-250px'; \/\/ Close menu\n    }\n  });\n\n  function toggleMenu() {\n    if (menu.style.right === '0px') {\n      menu.style.right = '-250px'; \/\/ Close menu\n    } else {\n      menu.style.right = '0px'; \/\/ Open menu\n    }\n  }\n<\/script>\n\n\n\n<div id=\"fixed-floating-logo-wrapper\">\n  <a href=\"https:\/\/www.ubytkovstiavnici.sk\/?page_id=1483\" rel=\"noopener noreferrer\">\n    <img decoding=\"async\" class=\"fixed-floating-logo\" src=\"https:\/\/www.ubytkovstiavnici.sk\/wp-content\/uploads\/2025\/12\/UK-BIela-1.png\" alt=\"Logo\">\n  <\/a>\n<\/div>\n\n\n\n<h2 class=\"wp-block-heading\"><strong>Na\u0161e ceny:<\/strong><\/h2>\n\n\n\n<h3 class=\"wp-block-heading has-text-align-center\">Apartm\u00e1nik<\/h3>\n\n\n\n<ul>\n<li>Z\u00e1kladn\u00e1 cena je 70 \u20ac za noc pre dve osoby. Za ka\u017ed\u00fa \u010fal\u0161iu osobu (poste\u013e) je pr\u00edplatok 15 \u20ac, maxim\u00e1lne do po\u010dtu 4.<\/li>\n\n\n\n<li>Ubytovanie je mo\u017en\u00e9 najmenej na dve noci.<\/li>\n\n\n\n<li>Pes &#8211; 10 \u20ac za noc &#8211; mal\u00e9 ps\u00edky do cca 10 kg zadarmo<\/li>\n\n\n\n<li><strong>Z\u013eavy: <\/strong><\/li>\n\n\n\n<li>T\u00fd\u017edenn\u00e1 (7 a viac noc\u00ed) &#8211; 10%<\/li>\n\n\n\n<li>Mesa\u010dn\u00e1 (30 a viac noc\u00ed) &#8211; 50%<\/li>\n<\/ul>\n\n\n\n<h3 class=\"wp-block-heading has-text-align-center\">Gallery Apartm\u00e1n 1<\/h3>\n\n\n\n<ul>\n<li>Z\u00e1kladn\u00e1 cena je 105 \u20ac za noc pre 3 osoby. Za ka\u017ed\u00fa \u010fal\u0161iu osobu (poste\u013e) je pr\u00edplatok 20 \u20ac, maxim\u00e1lne do po\u010dtu 6.<\/li>\n\n\n\n<li>Ubytovanie je mo\u017en\u00e9 najmenej na dve noci.<\/li>\n\n\n\n<li>Pes &#8211; 10 \u20ac za noc &#8211; mal\u00e9 ps\u00edky do cca 10 kg zadarmo<\/li>\n\n\n\n<li><strong>Z\u013eavy: <\/strong><\/li>\n\n\n\n<li>T\u00fd\u017edenn\u00e1 (7 a viac noc\u00ed) &#8211; 10%<\/li>\n\n\n\n<li>Mesa\u010dn\u00e1 (30 a viac noc\u00ed) &#8211; 50%<\/li>\n<\/ul>\n\n\n\n<h3 class=\"wp-block-heading has-text-align-center\">Gallery Apartm\u00e1n 2<\/h3>\n\n\n\n<ul>\n<li>Z\u00e1kladn\u00e1 cena je 140 \u20ac za noc pre 4 osoby. Za ka\u017ed\u00fa \u010fal\u0161iu osobu (poste\u013e) je pr\u00edplatok 20 \u20ac, maxim\u00e1lne do po\u010dtu 8.<\/li>\n\n\n\n<li>Ubytovanie je mo\u017en\u00e9 najmenej na dve noci.<\/li>\n\n\n\n<li>Pes &#8211; 10 \u20ac za noc &#8211; mal\u00e9 ps\u00edky do cca 10 kg zadarmo<\/li>\n\n\n\n<li><strong>Z\u013eavy: <\/strong><\/li>\n\n\n\n<li>T\u00fd\u017edenn\u00e1 (7 a viac noc\u00ed) &#8211; 10%<\/li>\n\n\n\n<li>Mesa\u010dn\u00e1 (30 a viac noc\u00ed) &#8211; 50%<\/li>\n\n\n\n<li><strong>Wellness<\/strong> :<\/li>\n\n\n\n<li>V\u00edriv\u00e1 ka\u010fa &#8211; ohrev drevom\n<ul>\n<li>Pr\u00edprava na ohrev (napustenie \u010derstvou studenou vodou, zabezpe\u010denie paliva) &#8211; 30 \u20ac<\/li>\n\n\n\n<li>Nahriatie kade na teplotu &#8211; 38\u00b0 &#8211; 40\u00b0 na dohodnut\u00fa hodinu (<strong>t\u00fato slu\u017ebu poskytujeme len po dohode<\/strong>) &#8211; 50 \u20ac <\/li>\n\n\n\n<li>Udr\u017eiavanie teploty &#8211; ko\u0161\u00edk dreva na cca 5 dohriat\u00ed &#8211; 10 \u20ac <\/li>\n<\/ul>\n<\/li>\n\n\n\n<li>F\u00ednska sauna\n<ul>\n<li>Nahriatie sauny a prv\u00e1 hodina &#8211; 10 \u20ac<\/li>\n\n\n\n<li>\u010ea\u013e\u0161ia hodina v r\u00e1mci toho ist\u00e9ho cyklu &#8211; 5 \u20ac<\/li>\n<\/ul>\n<\/li>\n<\/ul>\n\n\n\n<h3 class=\"wp-block-heading has-text-align-center\">Gallery residence &#8211; pren\u00e1jom cel\u00e9ho domu s mo\u017enos\u0165ou prepojenia apartm\u00e1nov<\/h3>\n\n\n\n<ul>\n<li>Z\u00e1kladn\u00e1 cena je 240 \u20ac za noc pre 8 os\u00f4b. Za ka\u017ed\u00fa \u010fal\u0161iu osobu (poste\u013e) je pr\u00edplatok 20 \u20ac, maxim\u00e1lne do po\u010dtu 14.<\/li>\n\n\n\n<li>Ubytovanie je mo\u017en\u00e9 najmenej na dve noci.<\/li>\n\n\n\n<li><strong>Z\u013eavy: <\/strong><\/li>\n\n\n\n<li>T\u00fd\u017edenn\u00e1 (7 a viac noc\u00ed) &#8211; 10%<\/li>\n\n\n\n<li>Mesa\u010dn\u00e1 (30 a viac noc\u00ed) &#8211; 50%<\/li>\n\n\n\n<li><strong>Wellness<\/strong> :<\/li>\n\n\n\n<li>V\u00edriv\u00e1 ka\u010fa &#8211; ohrev drevom\n<ul>\n<li>Pr\u00edprava na ohrev (napustenie \u010derstvou studenou vodou, zabezpe\u010denie paliva) &#8211; 30 \u20ac<\/li>\n\n\n\n<li>Nahriatie kade na teplotu &#8211; 38\u00b0 &#8211; 40\u00b0 na dohodnut\u00fa hodinu (<strong>t\u00fato slu\u017ebu poskytujeme len po dohode<\/strong>) &#8211; 50 \u20ac <\/li>\n\n\n\n<li>Udr\u017eiavanie teploty &#8211; ko\u0161\u00edk dreva na cca 5 dohriat\u00ed &#8211; 10 \u20ac <\/li>\n<\/ul>\n<\/li>\n\n\n\n<li>F\u00ednska sauna\n<ul>\n<li>Nahriatie sauny a prv\u00e1 hodina &#8211; 10 \u20ac<\/li>\n\n\n\n<li>\u010ea\u013e\u0161ia hodina v r\u00e1mci toho ist\u00e9ho cyklu &#8211; 5 \u20ac<\/li>\n<\/ul>\n<\/li>\n<\/ul>\n\n\n\n<p>Pri rezerv\u00e1cii prostredn\u00edctvom <strong>AirBNB<\/strong> sa cena navy\u0161uje o servisn\u00fd poplatok.<\/p>\n\n\n\n<p>Pri rezerv\u00e1cii prostredn\u00edctvom <strong>booking.com<\/strong> sa m\u00f4\u017ee cena l\u00ed\u0161i\u0165 v z\u00e1vislosti od zvolen\u00e9ho storno poplatku a statusu objedn\u00e1vate\u013ea.<\/p>\n\n\n\n<p class=\"has-large-font-size\"><strong>Tu uveden\u00e9 ceny m\u00f4\u017eu podlieha\u0165 zmen\u00e1m v z\u00e1vislosti od sez\u00f3nnych akci\u00ed, alebo dojednan\u00edm s hos\u0165om.<\/strong><\/p>\n","protected":false},"excerpt":{"rendered":"<p>\u2630 Domov O n\u00e1s Apartm\u00e1nik Gallery Apartm\u00e1n 1 Gallery Apartm\u00e1n 2 Gallery Residence U\u017eito\u010dn\u00e9 inform\u00e1cie Na\u0161e ceny Kontakty English Na\u0161e ceny: Apartm\u00e1nik Gallery Apartm\u00e1n 1 Gallery Apartm\u00e1n 2 Gallery residence &#8211; pren\u00e1jom cel\u00e9ho domu s mo\u017enos\u0165ou prepojenia apartm\u00e1nov Pri rezerv\u00e1cii prostredn\u00edctvom AirBNB sa cena navy\u0161uje o servisn\u00fd poplatok. Pri rezerv\u00e1cii prostredn\u00edctvom booking.com sa m\u00f4\u017ee cena<a class=\"more-link\" href=\"https:\/\/www.ubytkovstiavnici.sk\/?page_id=768\">Continue reading <span class=\"screen-reader-text\">&#8222;Cenn\u00edk_SK&#8220;<\/span><\/a><\/p>\n","protected":false},"author":1,"featured_media":0,"parent":0,"menu_order":0,"comment_status":"closed","ping_status":"closed","template":"","meta":{"_monsterinsights_skip_tracking":false,"_monsterinsights_sitenote_active":false,"_monsterinsights_sitenote_note":"","_monsterinsights_sitenote_category":0},"_links":{"self":[{"href":"https:\/\/www.ubytkovstiavnici.sk\/index.php?rest_route=\/wp\/v2\/pages\/768"}],"collection":[{"href":"https:\/\/www.ubytkovstiavnici.sk\/index.php?rest_route=\/wp\/v2\/pages"}],"about":[{"href":"https:\/\/www.ubytkovstiavnici.sk\/index.php?rest_route=\/wp\/v2\/types\/page"}],"author":[{"embeddable":true,"href":"https:\/\/www.ubytkovstiavnici.sk\/index.php?rest_route=\/wp\/v2\/users\/1"}],"replies":[{"embeddable":true,"href":"https:\/\/www.ubytkovstiavnici.sk\/index.php?rest_route=%2Fwp%2Fv2%2Fcomments&post=768"}],"version-history":[{"count":6,"href":"https:\/\/www.ubytkovstiavnici.sk\/index.php?rest_route=\/wp\/v2\/pages\/768\/revisions"}],"predecessor-version":[{"id":1680,"href":"https:\/\/www.ubytkovstiavnici.sk\/index.php?rest_route=\/wp\/v2\/pages\/768\/revisions\/1680"}],"wp:attachment":[{"href":"https:\/\/www.ubytkovstiavnici.sk\/index.php?rest_route=%2Fwp%2Fv2%2Fmedia&parent=768"}],"curies":[{"name":"wp","href":"https:\/\/api.w.org\/{rel}","templated":true}]}}