{"id":786,"date":"2024-01-25T14:04:23","date_gmt":"2024-01-25T13:04:23","guid":{"rendered":"https:\/\/www.ubytkovstiavnici.sk\/?page_id=786"},"modified":"2026-04-29T12:55:54","modified_gmt":"2026-04-29T10:55:54","slug":"akcia","status":"publish","type":"page","link":"https:\/\/www.ubytkovstiavnici.sk\/","title":{"rendered":"Akcia"},"content":{"rendered":"<div class=\"is-default-size aligncenter wp-block-site-logo\"><a href=\"https:\/\/www.ubytkovstiavnici.sk\/\" class=\"custom-logo-link\" rel=\"home\"><img loading=\"lazy\" width=\"733\" height=\"622\" src=\"https:\/\/www.ubytkovstiavnici.sk\/wp-content\/uploads\/2023\/05\/logo2.png\" class=\"custom-logo\" alt=\"Ubytko v \u0160tiavnici\" decoding=\"async\" srcset=\"https:\/\/www.ubytkovstiavnici.sk\/wp-content\/uploads\/2023\/05\/logo2.png 733w, https:\/\/www.ubytkovstiavnici.sk\/wp-content\/uploads\/2023\/05\/logo2-300x255.png 300w\" sizes=\"(max-width: 733px) 100vw, 733px\" \/><\/a><\/div>\n\n\n<h2 class=\"wp-block-heading has-text-align-center has-text-color\" style=\"color:#333333d9\"><strong>Ubytko v \u0160tiavnici<\/strong><\/h2>\n\n\n\n<h2 class=\"wp-block-heading has-text-color\" style=\"color:#333333d9\">Na\u0161a aktu\u00e1lna novinka:<\/h2>\n\n\n\n<p>Radi pos\u00favame z\u00e1\u017eitok z pobytu u n\u00e1s o krok \u010falej. S rados\u0165ou v\u00e1m predstavujeme novinku, na ktorej sme pracovali posledn\u00e9 obdobie \u2013 mal\u00e9, \u00fatuln\u00e9 wellness z\u00e1zemie priamo pri Gallery apartm\u00e1ne 2, ktor\u00e9 je z\u00e1rove\u0148 dostupn\u00e9 aj pre host\u00ed Gallery Residence.<\/p>\n\n\n\n<p>Podarilo sa n\u00e1m zrealizova\u0165 priestor na oddych a regener\u00e1ciu, kde si m\u00f4\u017eete naplno vychutna\u0165 pokoj a atmosf\u00e9ru Banskej \u0160tiavnice. S\u00fa\u010das\u0165ou wellness je tradi\u010dn\u00e1 v\u00edriv\u00e1 ka\u010fa s ohrevom na drevo, ktor\u00e1 pon\u00faka jedine\u010dn\u00fd relax pod hol\u00fdm nebom, a taktie\u017e f\u00ednska sauna, ide\u00e1lna na uvo\u013enenie tela aj mysle po dni str\u00e1venom objavovan\u00edm mesta a okolia.<\/p>\n\n\n\n<p>Wellness sme navrhli tak, aby prirodzene dop\u013a\u0148alo charakter n\u00e1\u0161ho ubytovania \u2013 komorn\u00e9, \u0161t\u00fdlov\u00e9 a s d\u00f4razom na autentick\u00fd z\u00e1\u017eitok. Ver\u00edme, \u017ee pr\u00e1ve tieto nov\u00e9 prvky spr\u00edjemnia v\u00e1\u0161 pobyt a vytvoria priestor na skuto\u010dn\u00fd oddych.<\/p>\n\n\n\n<p>Te\u0161\u00edme sa na va\u0161u n\u00e1v\u0161tevu \ud83c\udf3f<\/p>\n\n\n<div class=\"wp-block-image is-style-rounded\">\n<figure class=\"aligncenter size-large\"><a href=\"https:\/\/www.ubytkovstiavnici.sk\/?page_id=1111\"><img decoding=\"async\" loading=\"lazy\" width=\"1024\" height=\"577\" src=\"https:\/\/www.ubytkovstiavnici.sk\/wp-content\/uploads\/2026\/04\/20260428_161328-1024x577.jpg\" alt=\"\" class=\"wp-image-1647\" srcset=\"https:\/\/www.ubytkovstiavnici.sk\/wp-content\/uploads\/2026\/04\/20260428_161328-1024x577.jpg 1024w, https:\/\/www.ubytkovstiavnici.sk\/wp-content\/uploads\/2026\/04\/20260428_161328-300x169.jpg 300w, https:\/\/www.ubytkovstiavnici.sk\/wp-content\/uploads\/2026\/04\/20260428_161328-768x432.jpg 768w, https:\/\/www.ubytkovstiavnici.sk\/wp-content\/uploads\/2026\/04\/20260428_161328-1536x865.jpg 1536w, https:\/\/www.ubytkovstiavnici.sk\/wp-content\/uploads\/2026\/04\/20260428_161328-2048x1153.jpg 2048w, https:\/\/www.ubytkovstiavnici.sk\/wp-content\/uploads\/2026\/04\/20260428_161328-1568x883.jpg 1568w\" sizes=\"(max-width: 1024px) 100vw, 1024px\" \/><\/a><\/figure><\/div>\n\n\n<div class=\"wp-block-buttons is-layout-flex\"><\/div>\n\n\n\n<div class=\"wp-block-buttons is-content-justification-center is-layout-flex wp-container-2\">\n<div class=\"wp-block-button\"><a class=\"wp-block-button__link has-background wp-element-button\" href=\"https:\/\/www.ubytkovstiavnici.sk\/?page_id=1111\" style=\"background-color:#333333c4\"><strong>www.ubytkovstiavnici.sk<\/strong><\/a><\/div>\n<\/div>\n","protected":false},"excerpt":{"rendered":"<p>Ubytko v \u0160tiavnici Na\u0161a aktu\u00e1lna novinka: Radi pos\u00favame z\u00e1\u017eitok z pobytu u n\u00e1s o krok \u010falej. S rados\u0165ou v\u00e1m predstavujeme novinku, na ktorej sme pracovali posledn\u00e9 obdobie \u2013 mal\u00e9, \u00fatuln\u00e9 wellness z\u00e1zemie priamo pri Gallery apartm\u00e1ne 2, ktor\u00e9 je z\u00e1rove\u0148 dostupn\u00e9 aj pre host\u00ed Gallery Residence. Podarilo sa n\u00e1m zrealizova\u0165 priestor na oddych a regener\u00e1ciu,<a class=\"more-link\" href=\"https:\/\/www.ubytkovstiavnici.sk\/\">Continue reading <span class=\"screen-reader-text\">&#8222;Akcia&#8220;<\/span><\/a><\/p>\n","protected":false},"author":1,"featured_media":0,"parent":0,"menu_order":0,"comment_status":"closed","ping_status":"closed","template":"","meta":{"_monsterinsights_skip_tracking":false,"_monsterinsights_sitenote_active":false,"_monsterinsights_sitenote_note":"","_monsterinsights_sitenote_category":0},"_links":{"self":[{"href":"https:\/\/www.ubytkovstiavnici.sk\/index.php?rest_route=\/wp\/v2\/pages\/786"}],"collection":[{"href":"https:\/\/www.ubytkovstiavnici.sk\/index.php?rest_route=\/wp\/v2\/pages"}],"about":[{"href":"https:\/\/www.ubytkovstiavnici.sk\/index.php?rest_route=\/wp\/v2\/types\/page"}],"author":[{"embeddable":true,"href":"https:\/\/www.ubytkovstiavnici.sk\/index.php?rest_route=\/wp\/v2\/users\/1"}],"replies":[{"embeddable":true,"href":"https:\/\/www.ubytkovstiavnici.sk\/index.php?rest_route=%2Fwp%2Fv2%2Fcomments&post=786"}],"version-history":[{"count":6,"href":"https:\/\/www.ubytkovstiavnici.sk\/index.php?rest_route=\/wp\/v2\/pages\/786\/revisions"}],"predecessor-version":[{"id":1668,"href":"https:\/\/www.ubytkovstiavnici.sk\/index.php?rest_route=\/wp\/v2\/pages\/786\/revisions\/1668"}],"wp:attachment":[{"href":"https:\/\/www.ubytkovstiavnici.sk\/index.php?rest_route=%2Fwp%2Fv2%2Fmedia&parent=786"}],"curies":[{"name":"wp","href":"https:\/\/api.w.org\/{rel}","templated":true}]}}